{"id":1006,"date":"2014-07-05T23:41:20","date_gmt":"2014-07-05T23:41:20","guid":{"rendered":"http:\/\/www.easytravelpanama.net\/?page_id=1006"},"modified":"2017-06-01T18:11:41","modified_gmt":"2017-06-01T23:11:41","slug":"pagina-de-incio","status":"publish","type":"page","link":"https:\/\/www.easytravelpanama.net\/es\/","title":{"rendered":"P\u00e1gina de Inicio"},"content":{"rendered":"<div class=\"element element-slider element-slider-nivo\"><div class=\"element-inner\"><div class=\"element-inner-wrap\"><div class=\"grid-protection\">\t<script>\r\n\tjQuery(document).ready(function($) {\r\n\t\t$(window).load(function() {\r\n\t\t\tvar slider_container = $('#tb-slider-home-page');\r\n\t\t\tslider_container.find('.nivoSlider').nivoSlider({\r\n\t\t\t\teffect: \"random\",\r\n\t\t\t\tslices: 15,\r\n\t\t\t\tboxCols: 8,\r\n\t\t\t\tboxRows: 4,\r\n\t\t\t\tdirectionNav: true,\r\n\t\t\t\tcontrolNav: false,\r\n\t\t\t\tpauseOnHover: true,\r\n\t\t\t\tpauseTime: 5000,\r\n\t\t\t\tmanualAdvance: false,\r\n\t\t\t\t\t\t\t\tafterLoad : function() {\r\n\t\t\t\t\tslider_container.find('.tb-loader').fadeOut('fast');\r\n\t\t\t\t\tslider_container.find('a.slide-thumbnail-link').click(function(){\r\n\t\t\t\t\t\tslider_container.find('.nivo-pauseNav').hide();\r\n\t    \t\t\t\tslider_container.find('.nivo-playNav').show();\r\n\t\t\t\t\t\t$(this).closest('.nivoSlider').data('nivoslider').stop();\r\n\t\t\t\t\t});\r\n\t\t\t\t},\r\n\t\t\t\tbeforeChange : function() {\r\n\t\t\t\t\tslider_container.find('a.slide-thumbnail-link').hide();\r\n\t\t\t\t}\r\n\t\t\t});\r\n\t\t});\r\n\t});\r\n\t<\/script>\r\n\t\r\n\t<div id=\"tb-slider-home-page\" class=\"slider-wrapper tb-nivo-slider-wrapper nivo-slider-wrapper\">\r\n\t\t<div class=\"slider-inner hide-nav_standard show-nav_arrows\">\r\n\t\t\t<div class=\"slides-wrapper slides-wrapper-home-page\">\r\n\t\t\t\t<div class=\"slides-inner\">\r\n\t\t\t\t\t\t\t\t\t\t\t<div class=\"tb-loader\"><\/div>\r\n\t\t\t\t\t\t\t\t\t\t\t\t\t\t\t\t<div class=\"slider nivoSlider\">\r\n\t\t\t\t\t\t\t<img loading=\"lazy\" decoding=\"async\" src=\"https:\/\/www.easytravelpanama.net\/wp-content\/uploads\/2015\/09\/Panama-City9_542x292w.jpg\" alt=\"Panama-City9_542x292w\" width=\"542\" height=\"292\" title=\"#slide_91603020752a10f5bf3ad9_desc\" \/>\n<img loading=\"lazy\" decoding=\"async\" src=\"https:\/\/www.easytravelpanama.net\/wp-content\/uploads\/2015\/09\/Panama-City12_542x292w.jpg\" alt=\"Panama-City12_542x292w\" width=\"542\" height=\"292\" \/>\n<img loading=\"lazy\" decoding=\"async\" src=\"https:\/\/www.easytravelpanama.net\/wp-content\/uploads\/2015\/09\/Panama-City28_542x292.jpg\" alt=\"Panama-City28_542x292\" width=\"542\" height=\"292\" \/>\n<img loading=\"lazy\" decoding=\"async\" src=\"https:\/\/www.easytravelpanama.net\/wp-content\/uploads\/2015\/09\/Panama-City24_542X2922w.jpg\" alt=\"Panama-City24_542X2922w\" width=\"542\" height=\"292\" \/>\n<img loading=\"lazy\" decoding=\"async\" src=\"https:\/\/www.easytravelpanama.net\/wp-content\/uploads\/2015\/09\/Panama-City5_542x292w.jpg\" alt=\"Panama-City5_542x292w\" width=\"542\" height=\"292\" \/>\n<img loading=\"lazy\" decoding=\"async\" src=\"https:\/\/www.easytravelpanama.net\/wp-content\/uploads\/2015\/09\/Panama-City4_542x292w.jpg\" alt=\"Panama-City4_542x292w\" width=\"542\" height=\"292\" \/>\n<img loading=\"lazy\" decoding=\"async\" src=\"https:\/\/www.easytravelpanama.net\/wp-content\/uploads\/2015\/09\/Pollera2_542x292w.jpg\" alt=\"Pollera2_542x292w\" width=\"542\" height=\"292\" \/>\n<img loading=\"lazy\" decoding=\"async\" src=\"https:\/\/www.easytravelpanama.net\/wp-content\/uploads\/2015\/09\/Pollera3_542x292w.jpg\" alt=\"Pollera3_542x292w\" width=\"542\" height=\"292\" title=\"#slide_82314922452a11394a3e05_desc\" \/>\n<img loading=\"lazy\" decoding=\"async\" src=\"https:\/\/www.easytravelpanama.net\/wp-content\/uploads\/2015\/09\/Embera-Adventure-View-13_542x292w.jpg\" alt=\"Embera-Adventure-View-13_542x292w\" width=\"542\" height=\"292\" title=\"#slide_147303748252a113e57960d_desc\" \/>\n<img loading=\"lazy\" decoding=\"async\" src=\"https:\/\/www.easytravelpanama.net\/wp-content\/uploads\/2015\/09\/Embera-Adventure-View-14_542x292w.jpg\" alt=\"Embera-Adventure-View-14_542x292w\" width=\"542\" height=\"292\" title=\"#slide_34841145252a1144e44318_desc\" \/>\n<img loading=\"lazy\" decoding=\"async\" src=\"https:\/\/www.easytravelpanama.net\/wp-content\/uploads\/2015\/09\/Embera-Adventure-View-01-542x292w.jpg\" alt=\"Embera-Adventure-View-01-542x292w\" width=\"542\" height=\"292\" title=\"#slide_96805555052a1148a2e2d8_desc\" \/>\n<img loading=\"lazy\" decoding=\"async\" src=\"https:\/\/www.easytravelpanama.net\/wp-content\/uploads\/2015\/09\/Embera-Adventure-View-04_542x292w.jpg\" alt=\"Embera-Adventure-View-04_542x292w\" width=\"542\" height=\"292\" title=\"#slide_116850647552a114bb65d07_desc\" \/>\n<img loading=\"lazy\" decoding=\"async\" src=\"https:\/\/www.easytravelpanama.net\/wp-content\/uploads\/2015\/09\/Embera-Adventure-View-06_542x292w.jpg\" alt=\"Embera-Adventure-View-06_542x292w\" width=\"542\" height=\"292\" title=\"#slide_72588576752a114f0246cd_desc\" \/>\n<img loading=\"lazy\" decoding=\"async\" src=\"https:\/\/www.easytravelpanama.net\/wp-content\/uploads\/2015\/09\/Embera-Adventure-View-07_542x292w5.jpg\" alt=\"Embera-Adventure-View-07_542x292w\" width=\"542\" height=\"292\" title=\"#slide_181127942352a1152504b7b_desc\" \/>\n<img loading=\"lazy\" decoding=\"async\" src=\"https:\/\/www.easytravelpanama.net\/wp-content\/uploads\/2015\/09\/Embera-Adventure-View-9_542x292w.jpg\" alt=\"Embera-Adventure-View-9_542x292w\" width=\"542\" height=\"292\" title=\"#slide_2645930752a115876e41a_desc\" \/>\n<img loading=\"lazy\" decoding=\"async\" src=\"https:\/\/www.easytravelpanama.net\/wp-content\/uploads\/2015\/09\/Embera-Adventure-View-10_542x292w.jpg\" alt=\"Embera-Adventure-View-10_542x292w\" width=\"542\" height=\"292\" title=\"#slide_47815883952a115bba5d65_desc\" \/>\n<img decoding=\"async\" src=\"\" alt=\"Embera-Adventure-View-11_542x292w\" width=\"\" height=\"\" title=\"#slide_104663421552a115eba5faf_desc\" \/>\n<img loading=\"lazy\" decoding=\"async\" src=\"https:\/\/www.easytravelpanama.net\/wp-content\/uploads\/2015\/09\/Embera-Adventure-View-12_542x292w.jpg\" alt=\"Embera-Adventure-View-12_542x292w\" width=\"542\" height=\"292\" title=\"#slide_210910626852a1161fd7525_desc\" \/>\n<img loading=\"lazy\" decoding=\"async\" src=\"https:\/\/www.easytravelpanama.net\/wp-content\/uploads\/2015\/09\/Embera-Adventure-View-03_592x292w.jpg\" alt=\"Embera-Adventure-View-03_592x292w\" width=\"542\" height=\"292\" title=\"#slide_175638439452a1165496421_desc\" \/>\n\n\t\t\t\t        <\/div><!-- .nivoSlider (end) -->\r\n\t\t\t\t        \t\t\t\t        \t\t\t\t\t        \t\t<div id=\"slide_91603020752a10f5bf3ad9_desc\" class=\"nivo-html-caption\">\r\n\t\t\t\t        \t\t\t<div class=\"content \"><div class=\"content-inner\"><div class=\"slide-description\"><div class=\"slide-description-inner\"><div class=\"slide-description-text\"><p>View of Panama City<\/p>\n<\/div><\/div><\/div><\/div><\/div>\t\t\t\t        \t\t<\/div>\r\n\t\t\t\t        \t\t\t\t\t        \t\t\t\t        \t\t\t\t\t        \t\t\t\t        \t\t\t\t\t        \t\t\t\t        \t\t\t\t\t        \t\t\t\t        \t\t\t\t\t        \t\t\t\t        \t\t\t\t\t        \t\t\t\t        \t\t\t\t\t        \t\t\t\t        \t\t\t\t\t        \t\t<div id=\"slide_82314922452a11394a3e05_desc\" class=\"nivo-html-caption\">\r\n\t\t\t\t        \t\t\t<div class=\"content \"><div class=\"content-inner\"><div class=\"slide-description\"><div class=\"slide-description-inner\"><div class=\"slide-description-text\"><p>Pollera dress<\/p>\n<\/div><\/div><\/div><\/div><\/div>\t\t\t\t        \t\t<\/div>\r\n\t\t\t\t        \t\t\t\t\t        \t\t\t\t        \t\t\t\t\t        \t\t<div id=\"slide_147303748252a113e57960d_desc\" class=\"nivo-html-caption\">\r\n\t\t\t\t        \t\t\t<div class=\"content \"><div class=\"content-inner\"><div class=\"slide-description\"><div class=\"slide-description-inner\"><div class=\"slide-description-text\"><p> Embera Village Adventure Tour<\/p>\n<\/div><\/div><\/div><\/div><\/div>\t\t\t\t        \t\t<\/div>\r\n\t\t\t\t        \t\t\t\t\t        \t\t\t\t        \t\t\t\t\t        \t\t<div id=\"slide_34841145252a1144e44318_desc\" class=\"nivo-html-caption\">\r\n\t\t\t\t        \t\t\t<div class=\"content \"><div class=\"content-inner\"><div class=\"slide-description\"><div class=\"slide-description-inner\"><div class=\"slide-description-text\"><p> Embera Village Adventure Tour<\/p>\n<\/div><\/div><\/div><\/div><\/div>\t\t\t\t        \t\t<\/div>\r\n\t\t\t\t        \t\t\t\t\t        \t\t\t\t        \t\t\t\t\t        \t\t<div id=\"slide_96805555052a1148a2e2d8_desc\" class=\"nivo-html-caption\">\r\n\t\t\t\t        \t\t\t<div class=\"content \"><div class=\"content-inner\"><div class=\"slide-description\"><div class=\"slide-description-inner\"><div class=\"slide-description-text\"><p> Embera Village Adventure Tour<\/p>\n<\/div><\/div><\/div><\/div><\/div>\t\t\t\t        \t\t<\/div>\r\n\t\t\t\t        \t\t\t\t\t        \t\t\t\t        \t\t\t\t\t        \t\t<div id=\"slide_116850647552a114bb65d07_desc\" class=\"nivo-html-caption\">\r\n\t\t\t\t        \t\t\t<div class=\"content \"><div class=\"content-inner\"><div class=\"slide-description\"><div class=\"slide-description-inner\"><div class=\"slide-description-text\"><p> Embera Village Adventure Tour<\/p>\n<\/div><\/div><\/div><\/div><\/div>\t\t\t\t        \t\t<\/div>\r\n\t\t\t\t        \t\t\t\t\t        \t\t\t\t        \t\t\t\t\t        \t\t<div id=\"slide_72588576752a114f0246cd_desc\" class=\"nivo-html-caption\">\r\n\t\t\t\t        \t\t\t<div class=\"content \"><div class=\"content-inner\"><div class=\"slide-description\"><div class=\"slide-description-inner\"><div class=\"slide-description-text\"><p> Embera Village Adventure Tour<\/p>\n<\/div><\/div><\/div><\/div><\/div>\t\t\t\t        \t\t<\/div>\r\n\t\t\t\t        \t\t\t\t\t        \t\t\t\t        \t\t\t\t\t        \t\t<div id=\"slide_181127942352a1152504b7b_desc\" class=\"nivo-html-caption\">\r\n\t\t\t\t        \t\t\t<div class=\"content \"><div class=\"content-inner\"><div class=\"slide-description\"><div class=\"slide-description-inner\"><div class=\"slide-description-text\"><p> Embera Village Adventure Tour<\/p>\n<\/div><\/div><\/div><\/div><\/div>\t\t\t\t        \t\t<\/div>\r\n\t\t\t\t        \t\t\t\t\t        \t\t\t\t        \t\t\t\t\t        \t\t<div id=\"slide_2645930752a115876e41a_desc\" class=\"nivo-html-caption\">\r\n\t\t\t\t        \t\t\t<div class=\"content \"><div class=\"content-inner\"><div class=\"slide-description\"><div class=\"slide-description-inner\"><div class=\"slide-description-text\"><p> Embera Village Adventure Tour<\/p>\n<\/div><\/div><\/div><\/div><\/div>\t\t\t\t        \t\t<\/div>\r\n\t\t\t\t        \t\t\t\t\t        \t\t\t\t        \t\t\t\t\t        \t\t<div id=\"slide_47815883952a115bba5d65_desc\" class=\"nivo-html-caption\">\r\n\t\t\t\t        \t\t\t<div class=\"content \"><div class=\"content-inner\"><div class=\"slide-description\"><div class=\"slide-description-inner\"><div class=\"slide-description-text\"><p> Embera Village Adventure Tour<\/p>\n<\/div><\/div><\/div><\/div><\/div>\t\t\t\t        \t\t<\/div>\r\n\t\t\t\t        \t\t\t\t\t        \t\t\t\t        \t\t\t\t\t        \t\t<div id=\"slide_104663421552a115eba5faf_desc\" class=\"nivo-html-caption\">\r\n\t\t\t\t        \t\t\t<div class=\"content \"><div class=\"content-inner\"><div class=\"slide-description\"><div class=\"slide-description-inner\"><div class=\"slide-description-text\"><p> Embera Village Adventure Tour<\/p>\n<\/div><\/div><\/div><\/div><\/div>\t\t\t\t        \t\t<\/div>\r\n\t\t\t\t        \t\t\t\t\t        \t\t\t\t        \t\t\t\t\t        \t\t<div id=\"slide_210910626852a1161fd7525_desc\" class=\"nivo-html-caption\">\r\n\t\t\t\t        \t\t\t<div class=\"content \"><div class=\"content-inner\"><div class=\"slide-description\"><div class=\"slide-description-inner\"><div class=\"slide-description-text\"><p> Embera Village Adventure Tour<\/p>\n<\/div><\/div><\/div><\/div><\/div>\t\t\t\t        \t\t<\/div>\r\n\t\t\t\t        \t\t\t\t\t        \t\t\t\t        \t\t\t\t\t        \t\t<div id=\"slide_175638439452a1165496421_desc\" class=\"nivo-html-caption\">\r\n\t\t\t\t        \t\t\t<div class=\"content \"><div class=\"content-inner\"><div class=\"slide-description\"><div class=\"slide-description-inner\"><div class=\"slide-description-text\"><p> Embera Village Adventure Tour<\/p>\n<\/div><\/div><\/div><\/div><\/div>\t\t\t\t        \t\t<\/div>\r\n\t\t\t\t        \t\t\t\t\t        \t\t\t\t        \t\t\t\t\t        \t\t<div id=\"slide_108729292352a116886c68e_desc\" class=\"nivo-html-caption\">\r\n\t\t\t\t        \t\t\t<div class=\"content \"><div class=\"content-inner\"><div class=\"slide-description\"><div class=\"slide-description-inner\"><div class=\"slide-description-text\"><p> Embera Village Adventure Tour<\/p>\n<\/div><\/div><\/div><\/div><\/div>\t\t\t\t        \t\t<\/div>\r\n\t\t\t\t        \t\t\t\t\t        \t\t\t    \t    \t\t\t<\/div><!-- .slides-inner (end) -->\r\n\t\t\t<\/div><!-- .slides-wrapper (end) -->\r\n\t\t<\/div><!-- .slider-inner (end) -->\r\n\t\t<div class=\"design-1\"><\/div>\r\n\t\t<div class=\"design-2\"><\/div>\r\n\t\t<div class=\"design-3\"><\/div>\r\n\t\t<div class=\"design-4\"><\/div>\r\n\t<\/div><!-- .slider-wrapper (end) -->\r\n    <\/div><!-- .grid-protection (end) --><\/div><!-- .element-inner-wrap (end) --><\/div><!-- .element-inner (end) --><\/div><!-- .element (end) -->\n<h1 style=\"text-align: center;\"><span style=\"color: #58a808;\"> Transporte Terrestre y Giras Turisticas Personalizada<\/span><\/h1>\n<p style=\"text-align: center;\"><strong><span style=\"color: #98b8d8;\">Hacer una gira mientras estan \u00aben transito\u00bb por Panam\u00e1<\/span><\/strong><\/p>\n<p style=\"text-align: justify; padding: 10px 25px 10px 25px;\">Easy Travel Panam\u00e1 ha desarrollado un sitio especializado en giras y servicios de gu\u00edas de viaje <img loading=\"lazy\" decoding=\"async\" class=\"alignright wp-image-1014 size-full\" src=\"http:\/\/www.easytravelpanama.net\/wp-content\/uploads\/2014\/07\/Butterfly_Small.png\" alt=\"Mariposa\" width=\"90\" height=\"76\" \/>personalizados.\u00a0 Ofrecemos paquetes especialmente dise\u00f1ados y sincronizados a sus deseos y requisitios individuales.\u00a0 Nuestros choferes y gu\u00edas son altamente entranados para ofrecerles un servicio de primera clase.\u00a0 Nosotros brindamos transporte terrestre personalizado y servicios de g\u00edras tur\u00ecsticas en transporte privado.<\/p>\n<p style=\"text-align: justify; padding: 10px 25px 10px 25px;\"><img loading=\"lazy\" decoding=\"async\" class=\"alignleft wp-image-1909 size-full\" src=\"http:\/\/www.easytravelpanama.net\/wp-content\/uploads\/2013\/12\/Pollera_Home_w.jpg\" alt=\"Pollera\" width=\"200\" height=\"300\" srcset=\"https:\/\/www.easytravelpanama.net\/wp-content\/uploads\/2013\/12\/Pollera_Home_w.jpg 200w, https:\/\/www.easytravelpanama.net\/wp-content\/uploads\/2013\/12\/Pollera_Home_w-130x195.jpg 130w\" sizes=\"(max-width: 200px) 100vw, 200px\" \/>Desde el momento que toca suelo Paname\u00f1o, nuestros choferes y gu\u00edas expertos lo recib\u00e1n y asistir\u00e1n en perfecto ingl\u00e9s.\u00a0 Ofrecemos transporte y giras tur\u00edsticas por toda la Ciudad de Panam\u00e1 y otros destinos populares cercanos.<br \/>\nNuestros\u00a0 choferes\/gu\u00edas son expertos en todos los aspectos de Panam\u00e1 y sus diversas culturas.\u00a0 Podemos acomodar las giras tur\u00edsticas, excursiones culturales o de compras basadas en sus necesidades individuales e intereses particulares. Nuestros choferes\/gu\u00edas aunque muy profesionales tambi\u00e9n son muy divertidos y con mucha experiencia trabajando con hu\u00e9spedes internacionales. Tenemos cientos de clientes muy satisfechos y confiamos que usted se sentir\u00e1 \u00edgual.<\/p>\n<p style=\"text-align: justify; padding: 10px 25px 10px 25px;\">\n<p><span style=\"color: #58a808;\">Tr\u00e1nsito por las Nuevas Esclusas del Canal de Panam\u00e1. Este video demuestra en detalle el funcionamiento de las nuevas esclusas que ahora le pueden ofrecer servicio a los barcos \u00abNEOPANAMAX\u00bb. La inauguraci\u00f3n fu\u00e9 EL DOMINGO, 26 DE JUNIO DEL 2016.<br \/>\nAqu\u00ed ver\u00e1n una ilustraci\u00f3n virtual del tr\u00e1nsito de un barco Neopanamax pasando por la expansi\u00f3n del Canal de Panam\u00e1. Usted podr\u00e1 vivir la experencia de todos las personas involucrados en este tr\u00e1nsito&#8230;.y c\u00f3mo los \u00abtug boats\u00bb ayudan a los barcos Neopanamax en las nuevas exclusas.<br \/>\nVIDEO DE LAS NUEVAS EXCLUSAS&#8230;.LA NUEVA EXPANSION DEL CANAL DE PANAM\u00c1. UN EXPERIENCIA ANIMADA DE COMO ES EN REALIDAD!<\/span><\/p>\n<p style=\"text-align: center;\"><iframe loading=\"lazy\" src=\"https:\/\/www.youtube.com\/embed\/DrQrKAku3e0\" width=\"560\" height=\"315\" frameborder=\"0\" allowfullscreen=\"allowfullscreen\"><\/iframe><\/p>\n<div style=\"text-align: center; padding: 30px;\"><img loading=\"lazy\" decoding=\"async\" class=\"alignnone size-full wp-image-45\" src=\"http:\/\/easytravelpanama.net\/wp-content\/uploads\/2013\/12\/View-of-Panama-City.png\" alt=\"Vista de la ciudad de Panam\u00e1\" width=\"150\" height=\"150\" srcset=\"https:\/\/www.easytravelpanama.net\/wp-content\/uploads\/2013\/12\/View-of-Panama-City.png 150w, https:\/\/www.easytravelpanama.net\/wp-content\/uploads\/2013\/12\/View-of-Panama-City-130x130.png 130w, https:\/\/www.easytravelpanama.net\/wp-content\/uploads\/2013\/12\/View-of-Panama-City-70x70.png 70w, https:\/\/www.easytravelpanama.net\/wp-content\/uploads\/2013\/12\/View-of-Panama-City-45x45.png 45w\" sizes=\"(max-width: 150px) 100vw, 150px\" \/><img loading=\"lazy\" decoding=\"async\" class=\"alignnone size-full wp-image-44\" style=\"margin-left: 10px; margin-right: 10px;\" src=\"http:\/\/easytravelpanama.net\/wp-content\/uploads\/2013\/12\/Panama-City-Album.png\" alt=\"Vista de la ciudad de Panam\u00e1 en la noche\" width=\"150\" height=\"150\" srcset=\"https:\/\/www.easytravelpanama.net\/wp-content\/uploads\/2013\/12\/Panama-City-Album.png 150w, https:\/\/www.easytravelpanama.net\/wp-content\/uploads\/2013\/12\/Panama-City-Album-130x130.png 130w, https:\/\/www.easytravelpanama.net\/wp-content\/uploads\/2013\/12\/Panama-City-Album-70x70.png 70w, https:\/\/www.easytravelpanama.net\/wp-content\/uploads\/2013\/12\/Panama-City-Album-45x45.png 45w\" sizes=\"(max-width: 150px) 100vw, 150px\" \/><img loading=\"lazy\" decoding=\"async\" class=\"alignnone size-full wp-image-43\" src=\"http:\/\/easytravelpanama.net\/wp-content\/uploads\/2013\/12\/MiraFloresLocks.png\" alt=\"Mira Flores\" width=\"150\" height=\"150\" srcset=\"https:\/\/www.easytravelpanama.net\/wp-content\/uploads\/2013\/12\/MiraFloresLocks.png 150w, https:\/\/www.easytravelpanama.net\/wp-content\/uploads\/2013\/12\/MiraFloresLocks-130x130.png 130w, https:\/\/www.easytravelpanama.net\/wp-content\/uploads\/2013\/12\/MiraFloresLocks-70x70.png 70w, https:\/\/www.easytravelpanama.net\/wp-content\/uploads\/2013\/12\/MiraFloresLocks-45x45.png 45w\" sizes=\"(max-width: 150px) 100vw, 150px\" \/><\/div>\n<p>&nbsp;<\/p>\n<div style=\"text-align: center; padding: 30px;\"><img loading=\"lazy\" decoding=\"async\" class=\"alignnone size-full wp-image-573\" src=\"http:\/\/www.easytravelpanama.net\/wp-content\/uploads\/2013\/12\/Panama-City122.png\" alt=\"Bajia dePanam\u00e1\" width=\"150\" height=\"150\" srcset=\"https:\/\/www.easytravelpanama.net\/wp-content\/uploads\/2013\/12\/Panama-City122.png 150w, https:\/\/www.easytravelpanama.net\/wp-content\/uploads\/2013\/12\/Panama-City122-130x130.png 130w, https:\/\/www.easytravelpanama.net\/wp-content\/uploads\/2013\/12\/Panama-City122-70x70.png 70w, https:\/\/www.easytravelpanama.net\/wp-content\/uploads\/2013\/12\/Panama-City122-45x45.png 45w\" sizes=\"(max-width: 150px) 100vw, 150px\" \/><img loading=\"lazy\" decoding=\"async\" class=\"alignnone size-full wp-image-571\" style=\"margin-left: 10px; margin-right: 10px;\" src=\"http:\/\/www.easytravelpanama.net\/wp-content\/uploads\/2013\/12\/Beach-Developments.png\" alt=\"Playas\" width=\"150\" height=\"150\" srcset=\"https:\/\/www.easytravelpanama.net\/wp-content\/uploads\/2013\/12\/Beach-Developments.png 150w, https:\/\/www.easytravelpanama.net\/wp-content\/uploads\/2013\/12\/Beach-Developments-130x130.png 130w, https:\/\/www.easytravelpanama.net\/wp-content\/uploads\/2013\/12\/Beach-Developments-70x70.png 70w, https:\/\/www.easytravelpanama.net\/wp-content\/uploads\/2013\/12\/Beach-Developments-45x45.png 45w\" sizes=\"(max-width: 150px) 100vw, 150px\" \/><img loading=\"lazy\" decoding=\"async\" class=\"alignnone size-full wp-image-572\" src=\"http:\/\/www.easytravelpanama.net\/wp-content\/uploads\/2013\/12\/Panama-City52.png\" alt=\"Vista de la ciudadde Panam\u00e1 en la noche\" width=\"150\" height=\"150\" srcset=\"https:\/\/www.easytravelpanama.net\/wp-content\/uploads\/2013\/12\/Panama-City52.png 150w, https:\/\/www.easytravelpanama.net\/wp-content\/uploads\/2013\/12\/Panama-City52-130x130.png 130w, https:\/\/www.easytravelpanama.net\/wp-content\/uploads\/2013\/12\/Panama-City52-70x70.png 70w, https:\/\/www.easytravelpanama.net\/wp-content\/uploads\/2013\/12\/Panama-City52-45x45.png 45w\" sizes=\"(max-width: 150px) 100vw, 150px\" \/><\/div>\n<p><\/p>","protected":false},"excerpt":{"rendered":"<p>Transporte Terrestre y Giras Turisticas Personalizada Hacer una gira mientras estan \u00aben transito\u00bb por Panam\u00e1 Easy Travel Panam\u00e1 ha desarrollado un sitio especializado en giras y servicios de gu\u00edas de viaje personalizados.\u00a0 Ofrecemos paquetes especialmente dise\u00f1ados y sincronizados a sus deseos y requisitios individuales.\u00a0 Nuestros choferes y gu\u00edas son altamente entranados para ofrecerles un servicio [&hellip;]<\/p>\n","protected":false},"author":1,"featured_media":0,"parent":0,"menu_order":0,"comment_status":"open","ping_status":"open","template":"","meta":{"footnotes":""},"class_list":["post-1006","page","type-page","status-publish","hentry"],"_links":{"self":[{"href":"https:\/\/www.easytravelpanama.net\/es\/wp-json\/wp\/v2\/pages\/1006"}],"collection":[{"href":"https:\/\/www.easytravelpanama.net\/es\/wp-json\/wp\/v2\/pages"}],"about":[{"href":"https:\/\/www.easytravelpanama.net\/es\/wp-json\/wp\/v2\/types\/page"}],"author":[{"embeddable":true,"href":"https:\/\/www.easytravelpanama.net\/es\/wp-json\/wp\/v2\/users\/1"}],"replies":[{"embeddable":true,"href":"https:\/\/www.easytravelpanama.net\/es\/wp-json\/wp\/v2\/comments?post=1006"}],"version-history":[{"count":0,"href":"https:\/\/www.easytravelpanama.net\/es\/wp-json\/wp\/v2\/pages\/1006\/revisions"}],"wp:attachment":[{"href":"https:\/\/www.easytravelpanama.net\/es\/wp-json\/wp\/v2\/media?parent=1006"}],"curies":[{"name":"wp","href":"https:\/\/api.w.org\/{rel}","templated":true}]}}