{"id":1035,"date":"2014-07-06T00:56:20","date_gmt":"2014-07-06T00:56:20","guid":{"rendered":"http:\/\/www.easytravelpanama.net\/?page_id=1035"},"modified":"2024-09-16T11:31:46","modified_gmt":"2024-09-16T16:31:46","slug":"contactos","status":"publish","type":"page","link":"https:\/\/www.easytravelpanama.net\/es\/contactos\/","title":{"rendered":"Contactos"},"content":{"rendered":"<h1 style=\"text-align: left;\"><span style=\"color: #58a808;\">Contacte Easy Travel Panama para giras de Panam\u00e1 con gu\u00edas tur\u00edsticos biling\u00faes, con muchos conocimientos y amistosos.<\/span><\/h1>\n<h4><img loading=\"lazy\" decoding=\"async\" class=\"alignleft size-full wp-image-54\" src=\"http:\/\/easytravelpanama.net\/wp-content\/uploads\/2013\/12\/banner150x60Animated.gif\" alt=\"Su gu\u00eda personal en Panam\u00e1\" width=\"150\" height=\"60\" \/><\/h4>\n<h4><\/h4>\n<h4 style=\"text-align: left;\"><span style=\"color: #98b8d8;\"><strong>En Panam\u00e1 llamar 507-6617-4122<\/strong><\/span><\/h4>\n<h4 style=\"text-align: left;\"><span style=\"color: #98b8d8;\">o correo electr\u00f3nico <a href=\"mailto:%20easytravelpanama01@gmail.com\">easytravelpanama01@gmail.com<\/a><\/span><\/h4>\n<h4 style=\"text-align: left;\"><\/h4>\n<p>&nbsp;<br \/>\n&nbsp;\n<div class=\"wpcf7 no-js\" id=\"wpcf7-f1034-o1\" lang=\"en-US\" dir=\"ltr\">\n<div class=\"screen-reader-response\"><p role=\"status\" aria-live=\"polite\" aria-atomic=\"true\"><\/p> <ul><\/ul><\/div>\n<form action=\"\/es\/wp-json\/wp\/v2\/pages\/1035#wpcf7-f1034-o1\" method=\"post\" class=\"wpcf7-form init\" aria-label=\"Contact form\" novalidate=\"novalidate\" data-status=\"init\">\n<div style=\"display: none;\">\n<input type=\"hidden\" name=\"_wpcf7\" value=\"1034\" \/>\n<input type=\"hidden\" name=\"_wpcf7_version\" value=\"5.9.8\" \/>\n<input type=\"hidden\" name=\"_wpcf7_locale\" value=\"en_US\" \/>\n<input type=\"hidden\" name=\"_wpcf7_unit_tag\" value=\"wpcf7-f1034-o1\" \/>\n<input type=\"hidden\" name=\"_wpcf7_container_post\" value=\"0\" \/>\n<input type=\"hidden\" name=\"_wpcf7_posted_data_hash\" value=\"\" \/>\n<\/div>\n\n<h3>\n\t<p>Su Nombre\n\t<\/p><span class=\"wpcf7-form-control-wrap\" data-name=\"your-name\"><input size=\"20\" maxlength=\"400\" class=\"wpcf7-form-control wpcf7-text wpcf7-validates-as-required\" aria-required=\"true\" aria-invalid=\"false\" value=\"\" type=\"text\" name=\"your-name\" \/><\/span> <br \/>\n\t<p>Tel\u00e9fono\n\t<\/p><span class=\"wpcf7-form-control-wrap\" data-name=\"tel-175\"><input size=\"40\" maxlength=\"400\" class=\"wpcf7-form-control wpcf7-tel wpcf7-text wpcf7-validates-as-tel\" aria-invalid=\"false\" value=\"\" type=\"tel\" name=\"tel-175\" \/><\/span><br \/>\n\t<p>Correo electr\u00f3nico\n\t<\/p><span class=\"wpcf7-form-control-wrap\" data-name=\"your-email\"><input size=\"40\" maxlength=\"400\" class=\"wpcf7-form-control wpcf7-email wpcf7-validates-as-required wpcf7-text wpcf7-validates-as-email\" aria-required=\"true\" aria-invalid=\"false\" value=\"\" type=\"email\" name=\"your-email\" \/><\/span> <br \/>\n\t<p>Sujeto\n\t<\/p><span class=\"wpcf7-form-control-wrap\" data-name=\"your-subject\"><input size=\"40\" maxlength=\"400\" class=\"wpcf7-form-control wpcf7-text\" aria-invalid=\"false\" value=\"\" type=\"text\" name=\"your-subject\" \/><\/span> <br \/>\n\t<p>Mensaje\n\t<\/p><span class=\"wpcf7-form-control-wrap\" data-name=\"your-message\"><textarea cols=\"40\" rows=\"10\" maxlength=\"2000\" class=\"wpcf7-form-control wpcf7-textarea\" aria-invalid=\"false\" name=\"your-message\"><\/textarea><\/span> <br \/>\nEntre estos codigos en verde:<br \/>\n<input type=\"hidden\" name=\"_wpcf7_captcha_challenge_captcha-118\" value=\"2149756395\" \/><img loading=\"lazy\" decoding=\"async\" class=\"wpcf7-form-control wpcf7-captchac wpcf7-captcha-captcha-118\" width=\"84\" height=\"28\" alt=\"captcha\" src=\"https:\/\/www.easytravelpanama.net\/wp-content\/uploads\/wpcf7_captcha\/2149756395.png\" \/><br \/>\n<span class=\"wpcf7-form-control-wrap\" data-name=\"captcha-118\"><input size=\"4\" maxlength=\"4\" class=\"wpcf7-form-control wpcf7-captchar\" autocomplete=\"off\" aria-invalid=\"false\" value=\"\" type=\"text\" name=\"captcha-118\" \/><\/span><br \/>\n\t<p><input class=\"wpcf7-form-control wpcf7-submit has-spinner\" type=\"submit\" value=\"Enviar\" \/>\n\t<\/p>\n<\/h3><div class=\"wpcf7-response-output\" aria-hidden=\"true\"><\/div>\n<\/form>\n<\/div>\n<br \/>\n<img loading=\"lazy\" decoding=\"async\" class=\"aligncenter size-medium wp-image-57\" src=\"http:\/\/easytravelpanama.net\/wp-content\/uploads\/2013\/12\/headin-300x92.png\" alt=\"Easy Travel Panama\" width=\"300\" height=\"92\" srcset=\"https:\/\/www.easytravelpanama.net\/wp-content\/uploads\/2013\/12\/headin-300x92.png 300w, https:\/\/www.easytravelpanama.net\/wp-content\/uploads\/2013\/12\/headin-195x59.png 195w, https:\/\/www.easytravelpanama.net\/wp-content\/uploads\/2013\/12\/headin.png 375w\" sizes=\"(max-width: 300px) 100vw, 300px\" \/><\/p>\n<p><\/p>","protected":false},"excerpt":{"rendered":"<p>Contacte Easy Travel Panama para giras de Panam\u00e1 con gu\u00edas tur\u00edsticos biling\u00faes, con muchos conocimientos y amistosos. En Panam\u00e1 llamar 507-6617-4122 o correo electr\u00f3nico easytravelpanama01@gmail.com &nbsp; &nbsp;<\/p>\n","protected":false},"author":1,"featured_media":0,"parent":0,"menu_order":0,"comment_status":"open","ping_status":"open","template":"","meta":{"footnotes":""},"class_list":["post-1035","page","type-page","status-publish","hentry"],"_links":{"self":[{"href":"https:\/\/www.easytravelpanama.net\/es\/wp-json\/wp\/v2\/pages\/1035"}],"collection":[{"href":"https:\/\/www.easytravelpanama.net\/es\/wp-json\/wp\/v2\/pages"}],"about":[{"href":"https:\/\/www.easytravelpanama.net\/es\/wp-json\/wp\/v2\/types\/page"}],"author":[{"embeddable":true,"href":"https:\/\/www.easytravelpanama.net\/es\/wp-json\/wp\/v2\/users\/1"}],"replies":[{"embeddable":true,"href":"https:\/\/www.easytravelpanama.net\/es\/wp-json\/wp\/v2\/comments?post=1035"}],"version-history":[{"count":34,"href":"https:\/\/www.easytravelpanama.net\/es\/wp-json\/wp\/v2\/pages\/1035\/revisions"}],"predecessor-version":[{"id":2591,"href":"https:\/\/www.easytravelpanama.net\/es\/wp-json\/wp\/v2\/pages\/1035\/revisions\/2591"}],"wp:attachment":[{"href":"https:\/\/www.easytravelpanama.net\/es\/wp-json\/wp\/v2\/media?parent=1035"}],"curies":[{"name":"wp","href":"https:\/\/api.w.org\/{rel}","templated":true}]}}