{"id":1043,"date":"2014-07-11T21:34:33","date_gmt":"2014-07-11T21:34:33","guid":{"rendered":"http:\/\/www.easytravelpanama.net\/?page_id=1043"},"modified":"2015-03-25T19:19:04","modified_gmt":"2015-03-26T00:19:04","slug":"giras-trotando-o-de-caminatas","status":"publish","type":"page","link":"https:\/\/www.easytravelpanama.net\/es\/giras-trotando-o-de-caminatas\/","title":{"rendered":"Giras Trotando o de Caminatas"},"content":{"rendered":"<h1 style=\"text-align: center;\"><span style=\"color: #58a808;\">Giras Trotando o de Caminatas<br \/>\n<\/span><\/h1>\n<p style=\"text-align: justify; padding: 10px 25px 10px 25px;\"><strong>Desea usted participar de una increible caminata o trotar mientras est\u00e1 en la Ciudad de Panama?<br \/>\nOfrecemos llevarlo donde puede disfrutar de una marvillosa y energ\u00e9tica ma\u00f1ana caminando o trotando con vista a la bah\u00eda y vista panor\u00e1mica de la Ciudad de Panam\u00e1.<br \/>\n<\/strong><\/p>\n<p style=\"text-align: justify; padding: 10px 25px 10px 25px;\">Hay una hermosa carretera de circunvalaci\u00f3n nueva que pasa alrededor del Casco Antiguo y se conecta con la Cinta Costera en la Avenida Balboa.\u00a0 Hay una incre\u00edble acera para caminar y\/o para trotar.<img loading=\"lazy\" decoding=\"async\" class=\"alignright wp-image-960 size-full\" src=\"http:\/\/www.easytravelpanama.net\/wp-content\/uploads\/2014\/06\/Beltway1.png\" alt=\"Cinta Costera\" width=\"200\" height=\"150\" srcset=\"https:\/\/www.easytravelpanama.net\/wp-content\/uploads\/2014\/06\/Beltway1.png 200w, https:\/\/www.easytravelpanama.net\/wp-content\/uploads\/2014\/06\/Beltway1-195x146.png 195w\" sizes=\"(max-width: 200px) 100vw, 200px\" \/><br \/>\nTambi\u00e9n hay un sendero para bicicletas al lado del camino para trotar.\u00a0 Una parte de esta carretera est\u00e1 sobre un puente marino.\u00a0 El paisaje es precioso y tiene la oportunidad de ver los m\u00e1s asombrosos amaneceres.\u00a0 Nada como empezar su ma\u00f1ana con vista de la bah\u00eda de Panam\u00e1 y la panor\u00e1mica de la Ciudad de Panam\u00e1!<br \/>\nDesde donde estacionamos el auto hasta el final de la acera de caminatas y de trotar hay un total de 5 millas\/8 kil\u00f3metros.\u00a0 En otras palabras, usted puede caminar o trotar hasta donde desee y regresarse.\u00a0 Si trota la distancia desde donde estacionamos el auto, habr\u00e1 trotado\u00a0 10 milles\/16 kil\u00f3metros.<\/p>\n<p style=\"text-align: justify; padding: 10px 25px 10px 25px;\"><img loading=\"lazy\" decoding=\"async\" class=\"alignleft wp-image-961 size-full\" style=\"margin-right: 10px;\" src=\"http:\/\/www.easytravelpanama.net\/wp-content\/uploads\/2014\/06\/Beltway2.png\" alt=\"Cinta Costera\" width=\"150\" height=\"150\" srcset=\"https:\/\/www.easytravelpanama.net\/wp-content\/uploads\/2014\/06\/Beltway2.png 150w, https:\/\/www.easytravelpanama.net\/wp-content\/uploads\/2014\/06\/Beltway2-130x130.png 130w, https:\/\/www.easytravelpanama.net\/wp-content\/uploads\/2014\/06\/Beltway2-70x70.png 70w, https:\/\/www.easytravelpanama.net\/wp-content\/uploads\/2014\/06\/Beltway2-45x45.png 45w\" sizes=\"(max-width: 150px) 100vw, 150px\" \/>El precio de esta gira para <em><strong>2 personas<\/strong><\/em> es de <em><strong>$35.00 la hora&#8230;..m\u00ednimo 4 horas.<\/strong><\/em>\u00a0 Iniciamos la cuenta desde el momento que lo recogemos en su hotel en la ciudad de Panam\u00e1 hasta cuando terminamos la gira, en otras palabras, una gira de 4 horas ser\u00eda un total de $140.00&#8212;-una gira de 5 horas ser\u00eda un total de $175.00, etc.<\/p>\n<p><\/p>","protected":false},"excerpt":{"rendered":"<p>Giras Trotando o de Caminatas Desea usted participar de una increible caminata o trotar mientras est\u00e1 en la Ciudad de Panama? Ofrecemos llevarlo donde puede disfrutar de una marvillosa y energ\u00e9tica ma\u00f1ana caminando o trotando con vista a la bah\u00eda y vista panor\u00e1mica de la Ciudad de Panam\u00e1. Hay una hermosa carretera de circunvalaci\u00f3n nueva [&hellip;]<\/p>\n","protected":false},"author":1,"featured_media":0,"parent":0,"menu_order":0,"comment_status":"open","ping_status":"open","template":"","meta":{"footnotes":""},"class_list":["post-1043","page","type-page","status-publish","hentry"],"_links":{"self":[{"href":"https:\/\/www.easytravelpanama.net\/es\/wp-json\/wp\/v2\/pages\/1043"}],"collection":[{"href":"https:\/\/www.easytravelpanama.net\/es\/wp-json\/wp\/v2\/pages"}],"about":[{"href":"https:\/\/www.easytravelpanama.net\/es\/wp-json\/wp\/v2\/types\/page"}],"author":[{"embeddable":true,"href":"https:\/\/www.easytravelpanama.net\/es\/wp-json\/wp\/v2\/users\/1"}],"replies":[{"embeddable":true,"href":"https:\/\/www.easytravelpanama.net\/es\/wp-json\/wp\/v2\/comments?post=1043"}],"version-history":[{"count":0,"href":"https:\/\/www.easytravelpanama.net\/es\/wp-json\/wp\/v2\/pages\/1043\/revisions"}],"wp:attachment":[{"href":"https:\/\/www.easytravelpanama.net\/es\/wp-json\/wp\/v2\/media?parent=1043"}],"curies":[{"name":"wp","href":"https:\/\/api.w.org\/{rel}","templated":true}]}}