{"id":1049,"date":"2014-07-11T21:56:12","date_gmt":"2014-07-11T21:56:12","guid":{"rendered":"http:\/\/www.easytravelpanama.net\/?page_id=1049"},"modified":"2015-12-18T14:13:23","modified_gmt":"2015-12-18T19:13:23","slug":"giras-historicas-y-de-la-ciudad","status":"publish","type":"page","link":"https:\/\/www.easytravelpanama.net\/es\/giras-historicas-y-de-la-ciudad\/","title":{"rendered":"Hist\u00f3ricas\/culturales\/ciudad"},"content":{"rendered":"<h1 style=\"text-align: center;\"><span style=\"color: #58a808;\">Giras Hist\u00f3ricas y Culturales de la Ciudad<br \/>\n<\/span><\/h1>\n<h4 style=\"text-align: center;\"><span style=\"color: #98b8d8;\">Puede escogar cu\u00e1l deseas ver!<br \/>\n<\/span><\/h4>\n<ul>\n<li style=\"text-align: center;\"><strong>Medio d\u00eda de paseo tur\u00edstico de las ciudad ser\u00edan 6 horas = 2 personas = $210.00<span style=\"color: #ff0000;\">* <span style=\"color: #000000;\">total<\/span> <\/span><\/strong><\/li>\n<li style=\"text-align: center;\"><strong>D\u00eda completo de paseo tur\u00edstico de la ciudad serian 7 horas = 2 personas &#8211; $245.00<span style=\"color: #ff0000;\">* <span style=\"color: #000000;\">total<\/span> <\/span><\/strong><\/li>\n<\/ul>\n<p style=\"text-align: left;\"><span style=\"color: #ff0000;\">*<\/span>\u00a0 Incluye una hora de almuerzo (lo asume el cliente &#8211; recomendamos restaurantes con excelente comida!)<\/p>\n<p style=\"text-align: justify; padding: 10px 25px 10px 25px;\"><strong>El paseo tur\u00edstico de la ciudad puede incluir:<br \/>\n<\/strong><\/p>\n<p style=\"text-align: left;\"><span style=\"color: #58a808;\"><strong><img loading=\"lazy\" decoding=\"async\" class=\"alignleft wp-image-89 size-full\" style=\"margin-right: 10px; margin-bottom: 5px; margin-left: 25px;\" src=\"http:\/\/www.easytravelpanama.net\/wp-content\/uploads\/2013\/12\/PanamaRuins.png\" alt=\"Ruinas de Panam\u00e1 La Vieja\" width=\"200\" height=\"200\" srcset=\"https:\/\/www.easytravelpanama.net\/wp-content\/uploads\/2013\/12\/PanamaRuins.png 200w, https:\/\/www.easytravelpanama.net\/wp-content\/uploads\/2013\/12\/PanamaRuins-150x150.png 150w, https:\/\/www.easytravelpanama.net\/wp-content\/uploads\/2013\/12\/PanamaRuins-195x195.png 195w, https:\/\/www.easytravelpanama.net\/wp-content\/uploads\/2013\/12\/PanamaRuins-130x130.png 130w, https:\/\/www.easytravelpanama.net\/wp-content\/uploads\/2013\/12\/PanamaRuins-70x70.png 70w, https:\/\/www.easytravelpanama.net\/wp-content\/uploads\/2013\/12\/PanamaRuins-45x45.png 45w\" sizes=\"(max-width: 200px) 100vw, 200px\" \/><\/strong><\/span><\/p>\n<p>&nbsp;<\/p>\n<p style=\"text-align: justify; padding: 10px 25px 10px 25px;\"><span style=\"color: #58a808;\">Ruinas de Panam\u00e1 La Vieja\u00a0<\/span> (la ciudad fue fundada en 1519). Panam\u00e1\u00a0 La Vieja fue saqueada por Henry Morgan en 1671.\u00a0 La ciudad fue quemada, pero las ruinas las est\u00e1n fortaleciendo y est\u00e1n reconstruyendo la catedral mayor.<\/p>\n<p><img loading=\"lazy\" decoding=\"async\" class=\"alignright wp-image-91 size-full\" style=\"margin-left: 10px; margin-bottom: 5px; margin-top: 50px;\" src=\"http:\/\/www.easytravelpanama.net\/wp-content\/uploads\/2013\/12\/Casco-Viejo-Panama.png\" alt=\"Casco Viejo\" width=\"200\" height=\"200\" srcset=\"https:\/\/www.easytravelpanama.net\/wp-content\/uploads\/2013\/12\/Casco-Viejo-Panama.png 200w, https:\/\/www.easytravelpanama.net\/wp-content\/uploads\/2013\/12\/Casco-Viejo-Panama-150x150.png 150w, https:\/\/www.easytravelpanama.net\/wp-content\/uploads\/2013\/12\/Casco-Viejo-Panama-195x195.png 195w, https:\/\/www.easytravelpanama.net\/wp-content\/uploads\/2013\/12\/Casco-Viejo-Panama-130x130.png 130w, https:\/\/www.easytravelpanama.net\/wp-content\/uploads\/2013\/12\/Casco-Viejo-Panama-70x70.png 70w, https:\/\/www.easytravelpanama.net\/wp-content\/uploads\/2013\/12\/Casco-Viejo-Panama-45x45.png 45w\" sizes=\"(max-width: 200px) 100vw, 200px\" \/><\/p>\n<p>&nbsp;<\/p>\n<p>&nbsp;<\/p>\n<p>&nbsp;<\/p>\n<p>&nbsp;<\/p>\n<p style=\"text-align: justify; padding: 10px 25px 10px 25px;\"><span style=\"color: #58a808;\"><strong>Casco Viejo<\/strong> <\/span>&#8211; Henry Morgan saque\u00f3 Panam\u00e1 La Vieja.\u00a0 UNESCO ha declarado este sitio como Patrimonio de la Humanidad, as\u00ed que cualquier renovaci\u00f3n tiene que hacerse con la fachada colonial francesa original.<\/p>\n<p>&nbsp;<\/p>\n<p>&nbsp;<\/p>\n<p>&nbsp;<\/p>\n<p style=\"text-align: justify; padding: 10px 25px 10px 25px;\"><span style=\"color: #58a808;\"><strong><img loading=\"lazy\" decoding=\"async\" class=\"alignleft wp-image-94 size-full\" style=\"margin-right: 10px; margin-bottom: 5px;\" src=\"http:\/\/www.easytravelpanama.net\/wp-content\/uploads\/2013\/12\/Causeway.png\" alt=\"La Calzada de Amador\" width=\"200\" height=\"200\" srcset=\"https:\/\/www.easytravelpanama.net\/wp-content\/uploads\/2013\/12\/Causeway.png 200w, https:\/\/www.easytravelpanama.net\/wp-content\/uploads\/2013\/12\/Causeway-150x150.png 150w, https:\/\/www.easytravelpanama.net\/wp-content\/uploads\/2013\/12\/Causeway-195x195.png 195w, https:\/\/www.easytravelpanama.net\/wp-content\/uploads\/2013\/12\/Causeway-130x130.png 130w, https:\/\/www.easytravelpanama.net\/wp-content\/uploads\/2013\/12\/Causeway-70x70.png 70w, https:\/\/www.easytravelpanama.net\/wp-content\/uploads\/2013\/12\/Causeway-45x45.png 45w\" sizes=\"(max-width: 200px) 100vw, 200px\" \/><\/strong><\/span><\/p>\n<p>&nbsp;<\/p>\n<p style=\"text-align: justify; padding: 10px 25px 10px 25px;\"><span style=\"color: #58a808;\"><strong>La Calzada de Amador<\/strong><\/span> &#8211; Carretera construida por los Estado Unidos con el material que remov\u00edan de la construcci\u00f3n del Canal de Panam\u00e1.\u00a0 Con agua en ambos lados, hay muchos restaurantes buenos en esta \u00e1rea y una hermosa vista panor\u00e1mica de la ciudad de Panam\u00e1.\u00a0 Aqu\u00ed se puede ver la entrada al Canal de Panam\u00e1 por el Pac\u00edfico y en la Calzada de Amador tambi\u00e9n puede visitar nuestro nuevo Museo de Biodiversidad de Frank Gehry.<\/p>\n<p><img loading=\"lazy\" decoding=\"async\" class=\"alignright wp-image-96 size-full\" style=\"margin-left: 5px; margin-bottom: 5px;\" src=\"http:\/\/www.easytravelpanama.net\/wp-content\/uploads\/2013\/12\/Mira-Flores.png\" alt=\"Las Esclusas de Miraflores\" width=\"200\" height=\"200\" srcset=\"https:\/\/www.easytravelpanama.net\/wp-content\/uploads\/2013\/12\/Mira-Flores.png 200w, https:\/\/www.easytravelpanama.net\/wp-content\/uploads\/2013\/12\/Mira-Flores-150x150.png 150w, https:\/\/www.easytravelpanama.net\/wp-content\/uploads\/2013\/12\/Mira-Flores-195x195.png 195w, https:\/\/www.easytravelpanama.net\/wp-content\/uploads\/2013\/12\/Mira-Flores-130x130.png 130w, https:\/\/www.easytravelpanama.net\/wp-content\/uploads\/2013\/12\/Mira-Flores-70x70.png 70w, https:\/\/www.easytravelpanama.net\/wp-content\/uploads\/2013\/12\/Mira-Flores-45x45.png 45w\" sizes=\"(max-width: 200px) 100vw, 200px\" \/><\/p>\n<p>&nbsp;<\/p>\n<p style=\"text-align: justify; padding: 10px 25px 10px 25px;\"><span style=\"color: #58a808;\"><strong>Las Esclusas de Miraflores<\/strong><\/span> &#8211; Tiene que ver un barco en tr\u00e1nsito por las esclusas, tan cerca que pareciera que lo puede tocar!\u00a0 Tenemos un hermoso lugar con un museo incre\u00edble, donde puede ver un barco atravesando las esclusas de Miraflores enfrente suyo.\u00a0 Tambi\u00e9n hay un buen restaurante aqu\u00ed donde puede almorzar o cenar mientras observa los barcos transitando a trav\u00e9s de las Esclusas de Miraflores.<\/p>\n<p>&nbsp;<\/p>\n<p>&nbsp;<\/p>\n<p>&nbsp;<\/p>\n<p>&nbsp;<\/p>\n<p><span style=\"color: #58a808;\"><strong><img loading=\"lazy\" decoding=\"async\" class=\"alignleft wp-image-98 size-full\" style=\"margin-right: 10px; margin-left: 25px;\" src=\"http:\/\/www.easytravelpanama.net\/wp-content\/uploads\/2013\/12\/ClaytonAlbrook.png\" alt=\"Bases Americanas\" width=\"200\" height=\"200\" srcset=\"https:\/\/www.easytravelpanama.net\/wp-content\/uploads\/2013\/12\/ClaytonAlbrook.png 200w, https:\/\/www.easytravelpanama.net\/wp-content\/uploads\/2013\/12\/ClaytonAlbrook-150x150.png 150w, https:\/\/www.easytravelpanama.net\/wp-content\/uploads\/2013\/12\/ClaytonAlbrook-195x195.png 195w, https:\/\/www.easytravelpanama.net\/wp-content\/uploads\/2013\/12\/ClaytonAlbrook-130x130.png 130w, https:\/\/www.easytravelpanama.net\/wp-content\/uploads\/2013\/12\/ClaytonAlbrook-70x70.png 70w, https:\/\/www.easytravelpanama.net\/wp-content\/uploads\/2013\/12\/ClaytonAlbrook-45x45.png 45w\" sizes=\"(max-width: 200px) 100vw, 200px\" \/><\/strong><\/span><\/p>\n<p style=\"text-align: justify; padding: 10px 25px 10px 25px;\"><span style=\"color: #58a808;\"><strong>Bases Americanas <\/strong><\/span>(Albrook\/Clayton), donde todos los militares resid\u00edan hasta el 31 Diciembre, 1999.\u00a0 Tambi\u00e9n le mostrar\u00e9 algunas \u00e1reas donde los civiles que laboraban en el Canal de Panam\u00e1 resid\u00edan.<\/p>\n<p>&nbsp;<\/p>\n<p>&nbsp;<\/p>\n<p>&nbsp;<\/p>\n<p>&nbsp;<\/p>\n<p>&nbsp;<\/p>\n<p><img loading=\"lazy\" decoding=\"async\" class=\"alignright size-full wp-image-99\" style=\"margin-left: 10px;\" src=\"http:\/\/www.easytravelpanama.net\/wp-content\/uploads\/2013\/12\/Gamboa.png\" alt=\"Gamboa\" width=\"200\" height=\"200\" srcset=\"https:\/\/www.easytravelpanama.net\/wp-content\/uploads\/2013\/12\/Gamboa.png 200w, https:\/\/www.easytravelpanama.net\/wp-content\/uploads\/2013\/12\/Gamboa-150x150.png 150w, https:\/\/www.easytravelpanama.net\/wp-content\/uploads\/2013\/12\/Gamboa-195x195.png 195w, https:\/\/www.easytravelpanama.net\/wp-content\/uploads\/2013\/12\/Gamboa-130x130.png 130w, https:\/\/www.easytravelpanama.net\/wp-content\/uploads\/2013\/12\/Gamboa-70x70.png 70w, https:\/\/www.easytravelpanama.net\/wp-content\/uploads\/2013\/12\/Gamboa-45x45.png 45w\" sizes=\"(max-width: 200px) 100vw, 200px\" \/><\/p>\n<p>&nbsp;<\/p>\n<p style=\"text-align: justify; padding: 10px 25px 10px 25px;\"><span style=\"color: #58a808;\"><strong>Gamboa Rainforest Resort <\/strong><\/span>&#8211; Hay un hermosa hotel en medio del bosque lluvioso que se llama el Gamboa Rainforest Resort, est\u00e1 como a 45 minutos en carro de la ciudad de Panam\u00e1&#8212;-como 25 minutos de las esclusad de Mira Flores.\u00a0 El viaje en auto es hermoso&#8212;&#8211;y la vista del hotel sobre el Rio Chagres, el Lago Gat\u00fan y el bosque lluvioso es asombroso.\u00a0 Esta \u00e1rea es conocida como el para\u00edso de los observadores de aves.\u00a0 En Panam\u00e1 tenemos m\u00e1s especies de aves que Canad\u00e1 y Estados Unidos juntos!<\/p>\n<p>&nbsp;<\/p>\n<p>&nbsp;<\/p>\n<p><span style=\"color: #58a808;\"><strong><img loading=\"lazy\" decoding=\"async\" class=\"alignleft wp-image-101 size-full\" style=\"margin-right: 10px; margin-left: 25px;\" src=\"http:\/\/www.easytravelpanama.net\/wp-content\/uploads\/2013\/12\/Metropolitan-Park.png\" alt=\"Parque Nacional Metropolitano\" width=\"200\" height=\"200\" srcset=\"https:\/\/www.easytravelpanama.net\/wp-content\/uploads\/2013\/12\/Metropolitan-Park.png 200w, https:\/\/www.easytravelpanama.net\/wp-content\/uploads\/2013\/12\/Metropolitan-Park-150x150.png 150w, https:\/\/www.easytravelpanama.net\/wp-content\/uploads\/2013\/12\/Metropolitan-Park-195x195.png 195w, https:\/\/www.easytravelpanama.net\/wp-content\/uploads\/2013\/12\/Metropolitan-Park-130x130.png 130w, https:\/\/www.easytravelpanama.net\/wp-content\/uploads\/2013\/12\/Metropolitan-Park-70x70.png 70w, https:\/\/www.easytravelpanama.net\/wp-content\/uploads\/2013\/12\/Metropolitan-Park-45x45.png 45w\" sizes=\"(max-width: 200px) 100vw, 200px\" \/><\/strong><\/span><\/p>\n<p>&nbsp;<\/p>\n<p style=\"text-align: justify; padding: 10px 25px 10px 25px;\"><span style=\"color: #58a808;\"><strong>Parque Nacional Metropolitano\u00a0<\/strong><\/span> es la \u00fanica \u00e1rea protegida en Centro Am\u00e9rica que existe dentro de los l\u00edmites de una ciudad metropolitana.\u00a0 El parque cubre 265 hect\u00e1reas y podemos sequir trillos a trav\u00e9s de vegetaci\u00f3n con abundantes parras, arbustos, enredaderas, orqu\u00eddeas y arboles adem\u00e1s de una variedad de especies de mam\u00edferos, reptiles, insectos y aves.\u00a0 El parque est\u00e1 como a 20 minutos de cualquiera de los hoteles locales de la ciudad de Panam\u00e1.<\/p>\n<p>&nbsp;<\/p>\n<p>&nbsp;<\/p>\n<p><img loading=\"lazy\" decoding=\"async\" class=\"alignright wp-image-104 size-full\" style=\"margin-left: 10px; margin-bottom: 50px;\" src=\"http:\/\/www.easytravelpanama.net\/wp-content\/uploads\/2013\/12\/Shopping.png\" alt=\"Artesanias\" width=\"200\" height=\"200\" srcset=\"https:\/\/www.easytravelpanama.net\/wp-content\/uploads\/2013\/12\/Shopping.png 200w, https:\/\/www.easytravelpanama.net\/wp-content\/uploads\/2013\/12\/Shopping-150x150.png 150w, https:\/\/www.easytravelpanama.net\/wp-content\/uploads\/2013\/12\/Shopping-195x195.png 195w, https:\/\/www.easytravelpanama.net\/wp-content\/uploads\/2013\/12\/Shopping-130x130.png 130w, https:\/\/www.easytravelpanama.net\/wp-content\/uploads\/2013\/12\/Shopping-70x70.png 70w, https:\/\/www.easytravelpanama.net\/wp-content\/uploads\/2013\/12\/Shopping-45x45.png 45w\" sizes=\"(max-width: 200px) 100vw, 200px\" \/><\/p>\n<p>&nbsp;<\/p>\n<p>&nbsp;<\/p>\n<p style=\"text-align: justify; padding: 10px 25px 10px 25px;\"><span style=\"color: #58a808;\"><strong>De Compras<\/strong><\/span>&#8230;le llevaremos a lugares donde podr\u00e1 encontrar toda la artesan\u00eda ind\u00edgena&#8212;&#8211;tenemos siete diferentes grupos \u00e9tnicos en Panam\u00e1 y cada grupo tiene su artesania.<\/p>\n<p><img loading=\"lazy\" decoding=\"async\" class=\"alignleft wp-image-106 size-full\" style=\"margin-right: 10px; margin-left: 25px; margin-top: 75px;\" src=\"http:\/\/www.easytravelpanama.net\/wp-content\/uploads\/2013\/12\/Neighborhood.png\" alt=\"Ubanizaciones \" width=\"200\" height=\"200\" srcset=\"https:\/\/www.easytravelpanama.net\/wp-content\/uploads\/2013\/12\/Neighborhood.png 200w, https:\/\/www.easytravelpanama.net\/wp-content\/uploads\/2013\/12\/Neighborhood-150x150.png 150w, https:\/\/www.easytravelpanama.net\/wp-content\/uploads\/2013\/12\/Neighborhood-195x195.png 195w, https:\/\/www.easytravelpanama.net\/wp-content\/uploads\/2013\/12\/Neighborhood-130x130.png 130w, https:\/\/www.easytravelpanama.net\/wp-content\/uploads\/2013\/12\/Neighborhood-70x70.png 70w, https:\/\/www.easytravelpanama.net\/wp-content\/uploads\/2013\/12\/Neighborhood-45x45.png 45w\" sizes=\"(max-width: 200px) 100vw, 200px\" \/><\/p>\n<p>&nbsp;<\/p>\n<p>&nbsp;<\/p>\n<p>&nbsp;<\/p>\n<p><span style=\"color: #58a808;\"><strong>Paseo de Reubicaci\u00f3n<br \/>\n<\/strong><\/span><\/p>\n<p>5 horas = $30.00 por hora total<\/p>\n<p>8 hours &#8211; $30.00 por hora total<\/p>\n<p>Le mostraremos las diferentes ubanizaciones en la ciudad de Panam\u00e1.\u00a0 Esta gira es para que obtenga un idea de nuestra ciudad, y sepa c\u00f3mo son las diferentes urbanizaciones.\u00a0 Esto tambi\u00e9n le mostrar\u00e1 cuales urbanizaciones est\u00e1n m\u00e1s cerca de hospitales, hoteles, casinos, restaurantes, etc.\u00a0 Le llevaremos a un supermercado para que vea lo moderno y bien surtido que est\u00e1n.<\/p>\n<p>&nbsp;<\/p>\n<p>&nbsp;<\/p>\n<p style=\"text-align: justify; padding: 10px 25px 10px 25px;\"><span style=\"color: #58a808;\"><strong>Hace escala en el Aeropuerto Internacional de Tocumen o el Aeropuerto de Albrook en la ciudad de Panam\u00e1, Panam\u00e1?<img loading=\"lazy\" decoding=\"async\" class=\"alignright wp-image-108 size-full\" style=\"margin-left: 10px; margin-top: 100px; margin-bottom: 0px;\" src=\"http:\/\/www.easytravelpanama.net\/wp-content\/uploads\/2013\/12\/Tocumen.png\" alt=\"Aeropuerto Internacional de Tocumen\" width=\"200\" height=\"200\" srcset=\"https:\/\/www.easytravelpanama.net\/wp-content\/uploads\/2013\/12\/Tocumen.png 200w, https:\/\/www.easytravelpanama.net\/wp-content\/uploads\/2013\/12\/Tocumen-150x150.png 150w, https:\/\/www.easytravelpanama.net\/wp-content\/uploads\/2013\/12\/Tocumen-195x195.png 195w, https:\/\/www.easytravelpanama.net\/wp-content\/uploads\/2013\/12\/Tocumen-130x130.png 130w, https:\/\/www.easytravelpanama.net\/wp-content\/uploads\/2013\/12\/Tocumen-70x70.png 70w, https:\/\/www.easytravelpanama.net\/wp-content\/uploads\/2013\/12\/Tocumen-45x45.png 45w\" sizes=\"(max-width: 200px) 100vw, 200px\" \/><\/strong><\/span><\/p>\n<p style=\"text-align: justify; padding: 10px 25px 10px 25px;\">En vez de sentarse en el aeropuerto, permita que Easy Travel Panama le muestre algunas de las atracciones histeoricas\/culturales m\u00e1s importantes en la ciudad de Panam\u00e1, tales como el Canal de Panam\u00e1, las ruinas de Panam\u00e1 La Vieja, el Casco Antiguo que est\u00e1 siendo renovado en su estilo original Colonial\/Franc\u00e9s, la Calzada de Amador donde tiene una maravillosa vista panor\u00e1mica de la ciudad de Panam\u00e1.\u00a0 <strong>Perm\u00edtanos ayudarle para que aproveche los m\u00e1s posible el tiempo de escala que tiene en Panam\u00e1!\u00a0<\/strong>Desde que pisa suelo Paname\u00f1o, nuestros choferes y gu\u00edas con muchos conocimientos le recibir\u00e1n y le asistir\u00e1n.\u00a0 Ofrecemos transporte y paseos tur\u00edsticos por toda la ciudad de Panam\u00e1 y otros destinos populares cercanos.\u00a0 Nuestros choferes\/gu\u00edas tienen muchos conocimientos sobre todos los aspectos de Panam\u00e1 y sus diversas culturas.\u00a0 Podemos personalizar sus visitas tur\u00edstcas culturales, hist\u00f3ricas y de naturaleza, visitas a la aldea de los Indios Ember\u00e1, o paseos de compras seg\u00fan sus necesidades e intereses personales.\u00a0 Nuestros choferes\/guias biling\u00fces, aunque muy profesionales, son muy divertidos y con mucha experiencia trabajando con visitantes internacionales.\u00a0 Tenemos cientos de clientes muy satisfechos y confiamos que se sentir\u00e1 igual.<\/p>\n<p>&nbsp;<\/p>\n<p>&nbsp;<\/p>\n<p style=\"text-align: justify; padding: 10px 25px 10px 25px;\"><span style=\"color: #58a808;\"><strong>Servicio de Giras y Transporte Terreste Personalizado<\/strong><\/span><br \/>\n<img loading=\"lazy\" decoding=\"async\" class=\"alignleft wp-image-109 size-full\" style=\"margin-top: 25px; margin-bottom: 2px;\" src=\"http:\/\/www.easytravelpanama.net\/wp-content\/uploads\/2013\/12\/Transportation.png\" alt=\"Easy Travel transporte terrestre personalizado\" width=\"200\" height=\"200\" srcset=\"https:\/\/www.easytravelpanama.net\/wp-content\/uploads\/2013\/12\/Transportation.png 200w, https:\/\/www.easytravelpanama.net\/wp-content\/uploads\/2013\/12\/Transportation-150x150.png 150w, https:\/\/www.easytravelpanama.net\/wp-content\/uploads\/2013\/12\/Transportation-195x195.png 195w, https:\/\/www.easytravelpanama.net\/wp-content\/uploads\/2013\/12\/Transportation-130x130.png 130w, https:\/\/www.easytravelpanama.net\/wp-content\/uploads\/2013\/12\/Transportation-70x70.png 70w, https:\/\/www.easytravelpanama.net\/wp-content\/uploads\/2013\/12\/Transportation-45x45.png 45w\" sizes=\"(max-width: 200px) 100vw, 200px\" \/><\/p>\n<p style=\"text-align: justify; padding: 10px 25px 10px 25px;\">Easy Travel Panama le ofrece servicios de giras y transporte terrestre personalizado para 1 person o cualquier tama\u00f1o de grupo que est\u00e9 viajando con usted.\u00a0 Desde una a tres personas el viaje ser\u00eda en un autom\u00f3vil muy c\u00f3modo.\u00a0 Tenemos diferentes tama\u00f1os de buses para m\u00e1s de 4 personas.\u00a0 Si usted est\u00e1 en un crucero y su barco se detiene por un d\u00eda en Panam\u00e1, ser\u00eda en el Puerto de Col\u00f3n (en el lado Atl\u00e1ntico) o en el Puerto de Amador (en el lado Pac\u00edfico).\u00a0 Lo podr\u00edamos recoger en cualquiera de lost puertos y organizarle una gira personalizada solamente a usted.\u00a0 Nos especializamos en giras personalizadas de La Ciudad\/Culturales\/Hist\u00f3ricas\/Canal de Panam\u00e1, de Compras, recorido de Reconocimiento, etc.\u00a0 Todos los choferas y gu\u00edas de Easy Travel Panam\u00e1 son completamente biling\u00fces, con mucho conocimiento de nuestra historia, muy profesionales pero a la vez muy divertidos!\u00a0 Tenemos cientos de clientes muy satisfechos y sabemos usted se sentir\u00e1 igual.<\/p>\n<p><\/p>","protected":false},"excerpt":{"rendered":"<p>Giras Hist\u00f3ricas y Culturales de la Ciudad Puede escogar cu\u00e1l deseas ver! Medio d\u00eda de paseo tur\u00edstico de las ciudad ser\u00edan 6 horas = 2 personas = $210.00* total D\u00eda completo de paseo tur\u00edstico de la ciudad serian 7 horas = 2 personas &#8211; $245.00* total *\u00a0 Incluye una hora de almuerzo (lo asume el [&hellip;]<\/p>\n","protected":false},"author":1,"featured_media":0,"parent":0,"menu_order":0,"comment_status":"open","ping_status":"open","template":"","meta":{"footnotes":""},"class_list":["post-1049","page","type-page","status-publish","hentry"],"_links":{"self":[{"href":"https:\/\/www.easytravelpanama.net\/es\/wp-json\/wp\/v2\/pages\/1049"}],"collection":[{"href":"https:\/\/www.easytravelpanama.net\/es\/wp-json\/wp\/v2\/pages"}],"about":[{"href":"https:\/\/www.easytravelpanama.net\/es\/wp-json\/wp\/v2\/types\/page"}],"author":[{"embeddable":true,"href":"https:\/\/www.easytravelpanama.net\/es\/wp-json\/wp\/v2\/users\/1"}],"replies":[{"embeddable":true,"href":"https:\/\/www.easytravelpanama.net\/es\/wp-json\/wp\/v2\/comments?post=1049"}],"version-history":[{"count":0,"href":"https:\/\/www.easytravelpanama.net\/es\/wp-json\/wp\/v2\/pages\/1049\/revisions"}],"wp:attachment":[{"href":"https:\/\/www.easytravelpanama.net\/es\/wp-json\/wp\/v2\/media?parent=1049"}],"curies":[{"name":"wp","href":"https:\/\/api.w.org\/{rel}","templated":true}]}}