{"id":1103,"date":"2014-07-17T19:31:29","date_gmt":"2014-07-17T19:31:29","guid":{"rendered":"http:\/\/www.easytravelpanama.net\/?page_id=1103"},"modified":"2024-09-13T21:11:17","modified_gmt":"2024-09-14T02:11:17","slug":"giras-de-dia-para-avistamiento-de-ballenas","status":"publish","type":"page","link":"https:\/\/www.easytravelpanama.net\/es\/giras-de-dia-para-avistamiento-de-ballenas\/","title":{"rendered":"Giras de D\u00eda Para Avistamiento de Ballenas"},"content":{"rendered":"<h1 style=\"text-align: center;\"><span style=\"color: #58a808;\">Giras de Avistamiento de la Ballena Jorobada,Ciudad de Panama &#8211; Isla \u00e1rea de Isla Taboga<br \/>\n<\/span><\/h1>\n<p><img loading=\"lazy\" decoding=\"async\" class=\"alignleft wp-image-912 size-thumbnail\" style=\"margin-left: 20px;\" src=\"http:\/\/www.easytravelpanama.net\/wp-content\/uploads\/2014\/06\/Whale-Watching-Tours-2-150x150.png\" alt=\"Ballena\" width=\"150\" height=\"150\" srcset=\"https:\/\/www.easytravelpanama.net\/wp-content\/uploads\/2014\/06\/Whale-Watching-Tours-2-150x150.png 150w, https:\/\/www.easytravelpanama.net\/wp-content\/uploads\/2014\/06\/Whale-Watching-Tours-2-195x195.png 195w, https:\/\/www.easytravelpanama.net\/wp-content\/uploads\/2014\/06\/Whale-Watching-Tours-2-130x130.png 130w, https:\/\/www.easytravelpanama.net\/wp-content\/uploads\/2014\/06\/Whale-Watching-Tours-2-70x70.png 70w, https:\/\/www.easytravelpanama.net\/wp-content\/uploads\/2014\/06\/Whale-Watching-Tours-2-45x45.png 45w, https:\/\/www.easytravelpanama.net\/wp-content\/uploads\/2014\/06\/Whale-Watching-Tours-2.png 200w\" sizes=\"(max-width: 150px) 100vw, 150px\" \/><\/p>\n<p><img loading=\"lazy\" decoding=\"async\" class=\"alignleft wp-image-913 size-thumbnail\" style=\"margin-left: 35px; margin-right: 35px;\" src=\"http:\/\/www.easytravelpanama.net\/wp-content\/uploads\/2014\/06\/Whale-Watching-Tours3-150x150.png\" alt=\"Delfines\" width=\"150\" height=\"150\" srcset=\"https:\/\/www.easytravelpanama.net\/wp-content\/uploads\/2014\/06\/Whale-Watching-Tours3-150x150.png 150w, https:\/\/www.easytravelpanama.net\/wp-content\/uploads\/2014\/06\/Whale-Watching-Tours3-195x195.png 195w, https:\/\/www.easytravelpanama.net\/wp-content\/uploads\/2014\/06\/Whale-Watching-Tours3-130x130.png 130w, https:\/\/www.easytravelpanama.net\/wp-content\/uploads\/2014\/06\/Whale-Watching-Tours3-70x70.png 70w, https:\/\/www.easytravelpanama.net\/wp-content\/uploads\/2014\/06\/Whale-Watching-Tours3-45x45.png 45w, https:\/\/www.easytravelpanama.net\/wp-content\/uploads\/2014\/06\/Whale-Watching-Tours3.png 200w\" sizes=\"(max-width: 150px) 100vw, 150px\" \/><\/p>\n<p><img loading=\"lazy\" decoding=\"async\" class=\"alignleft wp-image-914 size-thumbnail\" src=\"http:\/\/www.easytravelpanama.net\/wp-content\/uploads\/2014\/06\/WhaleWatchingTours1-150x150.png\" alt=\"Ballenas\" width=\"150\" height=\"150\" srcset=\"https:\/\/www.easytravelpanama.net\/wp-content\/uploads\/2014\/06\/WhaleWatchingTours1-150x150.png 150w, https:\/\/www.easytravelpanama.net\/wp-content\/uploads\/2014\/06\/WhaleWatchingTours1-195x195.png 195w, https:\/\/www.easytravelpanama.net\/wp-content\/uploads\/2014\/06\/WhaleWatchingTours1-130x130.png 130w, https:\/\/www.easytravelpanama.net\/wp-content\/uploads\/2014\/06\/WhaleWatchingTours1-70x70.png 70w, https:\/\/www.easytravelpanama.net\/wp-content\/uploads\/2014\/06\/WhaleWatchingTours1-45x45.png 45w, https:\/\/www.easytravelpanama.net\/wp-content\/uploads\/2014\/06\/WhaleWatchingTours1.png 200w\" sizes=\"(max-width: 150px) 100vw, 150px\" \/><\/p>\n<p style=\"text-align: justify; padding: 10px 25px 0px 25px;\">Whale Watching Panama es la \u00fanica compa\u00f1\u00eda en Panam\u00e1 que se dedica al Avistamiento de Ballenas, con expertos gu\u00edas Bi\u00f3logos quienes lo ayudar\u00e1n a Conectarse, Comunicarse e Interpretar la Conducta de las Ballenas y Delfines que encontrar\u00e1n en su gira de Avistamiento de Ballenas.<br \/>\nViajaremos de la ciudad de Panam\u00e1 hacia la parte de atr\u00e1s de Isla Taboga en un veloz yate peque\u00f1o, saliendo alrededor de las 8:30am.\u00a0 Empezamos a buscar ballenas desde que pasamos la Calzada de Amador, ya que frecuentemente hemos encontrado ballenas alrededor de todos los barcos anclados en espera para entrar al canal!\u00a0 En este viaje hemos tenido 85% de \u00e9xito avistando ballenas.\u00a0 Despu\u00e9s de pasar la ma\u00f1ana con las ballenas y delfines, llegaremos a Isla Taboga para un delicioso almuerzo y algo de tiempo para explorar y nadar.\u00a0 Abordaremos el bote alrededor de las 2:00pm y nos dirigiremos hacia la ciudad sin prisa en busca de m\u00e1s ballenas y delfines durante nuestro regreso a la ciudad que ser\u00eda alrededor de las 4:00 pm.<br \/>\nReserve ahora si le interesa experimentar esta emocionante gira adonde puede ver y hasta escuchar las ballenas jorobadas en su medio natural.\u00a0 Bebidas y bocadillos est\u00e1n incluidos.<\/p>\n<p style=\"text-align: justify; padding: 10px 25px 0px 25px;\"><strong>Presios de Julio &#8211; Octubre empiezan en $250.00 cada persona (minimo 3 personas) &#8211; Ni\u00f1os 5-12 medio precio &#8211; Ni\u00f1os menores de 5 son gratis.<br \/>\n<\/strong><\/p>\n<h1 style=\"text-align: center;\"><span style=\"color: #58a808;\">Giras de Avistamiento de la Ballena Jorobada, Ciudad de Panam\u00e1 &#8211; Isla Las Perlas<br \/>\n<\/span><\/h1>\n<p><img loading=\"lazy\" decoding=\"async\" class=\"alignleft wp-image-917 size-thumbnail\" style=\"margin-left: 20px;\" src=\"http:\/\/www.easytravelpanama.net\/wp-content\/uploads\/2014\/06\/Whale-Watching19-150x150.png\" alt=\"Ballena\" width=\"150\" height=\"150\" srcset=\"https:\/\/www.easytravelpanama.net\/wp-content\/uploads\/2014\/06\/Whale-Watching19-150x150.png 150w, https:\/\/www.easytravelpanama.net\/wp-content\/uploads\/2014\/06\/Whale-Watching19-195x195.png 195w, https:\/\/www.easytravelpanama.net\/wp-content\/uploads\/2014\/06\/Whale-Watching19-130x130.png 130w, https:\/\/www.easytravelpanama.net\/wp-content\/uploads\/2014\/06\/Whale-Watching19-70x70.png 70w, https:\/\/www.easytravelpanama.net\/wp-content\/uploads\/2014\/06\/Whale-Watching19-45x45.png 45w, https:\/\/www.easytravelpanama.net\/wp-content\/uploads\/2014\/06\/Whale-Watching19.png 200w\" sizes=\"(max-width: 150px) 100vw, 150px\" \/> <img loading=\"lazy\" decoding=\"async\" class=\"alignleft wp-image-918 size-thumbnail\" style=\"margin-left: 35px; margin-right: 35px;\" src=\"http:\/\/www.easytravelpanama.net\/wp-content\/uploads\/2014\/06\/Whale-Watching25-150x150.png\" alt=\"Ballena\" width=\"150\" height=\"150\" srcset=\"https:\/\/www.easytravelpanama.net\/wp-content\/uploads\/2014\/06\/Whale-Watching25-150x150.png 150w, https:\/\/www.easytravelpanama.net\/wp-content\/uploads\/2014\/06\/Whale-Watching25-195x195.png 195w, https:\/\/www.easytravelpanama.net\/wp-content\/uploads\/2014\/06\/Whale-Watching25-130x130.png 130w, https:\/\/www.easytravelpanama.net\/wp-content\/uploads\/2014\/06\/Whale-Watching25-70x70.png 70w, https:\/\/www.easytravelpanama.net\/wp-content\/uploads\/2014\/06\/Whale-Watching25-45x45.png 45w, https:\/\/www.easytravelpanama.net\/wp-content\/uploads\/2014\/06\/Whale-Watching25.png 200w\" sizes=\"(max-width: 150px) 100vw, 150px\" \/><img loading=\"lazy\" decoding=\"async\" class=\"alignleft wp-image-919 size-thumbnail\" src=\"http:\/\/www.easytravelpanama.net\/wp-content\/uploads\/2014\/06\/Whale-Watching42-150x150.png\" alt=\"Ballena\" width=\"150\" height=\"150\" srcset=\"https:\/\/www.easytravelpanama.net\/wp-content\/uploads\/2014\/06\/Whale-Watching42-150x150.png 150w, https:\/\/www.easytravelpanama.net\/wp-content\/uploads\/2014\/06\/Whale-Watching42-195x195.png 195w, https:\/\/www.easytravelpanama.net\/wp-content\/uploads\/2014\/06\/Whale-Watching42-130x130.png 130w, https:\/\/www.easytravelpanama.net\/wp-content\/uploads\/2014\/06\/Whale-Watching42-70x70.png 70w, https:\/\/www.easytravelpanama.net\/wp-content\/uploads\/2014\/06\/Whale-Watching42-45x45.png 45w, https:\/\/www.easytravelpanama.net\/wp-content\/uploads\/2014\/06\/Whale-Watching42.png 200w\" sizes=\"(max-width: 150px) 100vw, 150px\" \/><\/p>\n<p style=\"text-align: justify; padding: 10px 25px 0px 25px;\">Whale Watching es la \u00fanica compa\u00f1\u00eda en Panam\u00e1 que se dedica al Avistamiento de Ballenas, con expertos gu\u00edas Bi\u00f3logos quienes lo ayudar\u00e1n a Conectarse, Comunicarse e Interpretar la Conducta de las Ballenas y Delfines que encontrar\u00e1n en su gira de Avistamieto de Ballenas.<br \/>\nViajaremos desde la Ciudad de Panam\u00e1 en un veloz yate peque\u00f1o hacia la Isla de las Perlas (Contadora), saliendo aproximadamente a las 8:00 am. Viajaremos a una c\u00f3moda velocidad buscando ballenas y delfines en el trayecto. Por 2 a\u00f1os consecutivos hemos tenido un 99% de \u00e9xito avistando ballenas en este viaje. Despu\u00e9s de pasarnos la ma\u00f1ana con las ballenas y delfines, y posiblemente hacer snorkel en un arrecife de coral donde puede ver muchos\u00a0 coloridos peces tropicales, llegaremos a isla Contadora para un delicioso almuerzo y algo de tiempo para explorar o nadar. Abordaremos el bote alrededor de las 2:00 pm y nos dirigiremos a la ciudad sin prisa en busca de m\u00e1s ballenas y delfines durante nuestro regreso a la ciudad que ser\u00eda alrededor de las 5:00 pm.<br \/>\nReserva ahora si le interesa experimentar esta emoci\u00f3n \u00fanica de su vida en ver y hasta escuchar las ballenas jorobades en su medio natural. Bebibas y bocadillos est\u00e1n incluidos.<\/p>\n<p style=\"text-align: justify; padding: 10px 25px 10px 25px;\"><strong>Precios de Julio &#8211; Octubre empiezan en\u00a0<strong>$250.00 cada persona (minimo 3 personas)<\/strong> &#8211; Ni\u00f1os 5-12 medio precio &#8211; Ni\u00f1os menores de 5 son gratis.<\/strong><\/p>\n<h2 style=\"text-align: center;\"><span style=\"color: #98b8d8;\"><br \/>\nReserve tu gira hoy!!<br \/>\nContactar: Judy Tovar<br \/>\nEasy Travel Panama<br \/>\n<a href=\"mailto:%20easytravelpanama01@gmail.com\">easytravelpanama01@gmail.com<\/a><br \/>\nor call (507)6617-4122 in Panama<br \/>\nor call (210) 272-9047 in the U.S.<br \/>\n<\/span><\/h2>\n<p><\/p>","protected":false},"excerpt":{"rendered":"<p>Giras de Avistamiento de la Ballena Jorobada,Ciudad de Panama &#8211; Isla \u00e1rea de Isla Taboga Whale Watching Panama es la \u00fanica compa\u00f1\u00eda en Panam\u00e1 que se dedica al Avistamiento de Ballenas, con expertos gu\u00edas Bi\u00f3logos quienes lo ayudar\u00e1n a Conectarse, Comunicarse e Interpretar la Conducta de las Ballenas y Delfines que encontrar\u00e1n en su gira [&hellip;]<\/p>\n","protected":false},"author":1,"featured_media":0,"parent":0,"menu_order":0,"comment_status":"open","ping_status":"open","template":"","meta":{"footnotes":""},"class_list":["post-1103","page","type-page","status-publish","hentry"],"_links":{"self":[{"href":"https:\/\/www.easytravelpanama.net\/es\/wp-json\/wp\/v2\/pages\/1103"}],"collection":[{"href":"https:\/\/www.easytravelpanama.net\/es\/wp-json\/wp\/v2\/pages"}],"about":[{"href":"https:\/\/www.easytravelpanama.net\/es\/wp-json\/wp\/v2\/types\/page"}],"author":[{"embeddable":true,"href":"https:\/\/www.easytravelpanama.net\/es\/wp-json\/wp\/v2\/users\/1"}],"replies":[{"embeddable":true,"href":"https:\/\/www.easytravelpanama.net\/es\/wp-json\/wp\/v2\/comments?post=1103"}],"version-history":[{"count":3,"href":"https:\/\/www.easytravelpanama.net\/es\/wp-json\/wp\/v2\/pages\/1103\/revisions"}],"predecessor-version":[{"id":2473,"href":"https:\/\/www.easytravelpanama.net\/es\/wp-json\/wp\/v2\/pages\/1103\/revisions\/2473"}],"wp:attachment":[{"href":"https:\/\/www.easytravelpanama.net\/es\/wp-json\/wp\/v2\/media?parent=1103"}],"curies":[{"name":"wp","href":"https:\/\/api.w.org\/{rel}","templated":true}]}}