{"id":1131,"date":"2014-07-19T19:52:25","date_gmt":"2014-07-19T19:52:25","guid":{"rendered":"http:\/\/www.easytravelpanama.net\/?page_id=1131"},"modified":"2015-12-19T21:51:51","modified_gmt":"2015-12-20T02:51:51","slug":"transporte","status":"publish","type":"page","link":"https:\/\/www.easytravelpanama.net\/es\/transporte\/","title":{"rendered":"Transporte"},"content":{"rendered":"<h3><span style=\"color: #98b8d8;\">Ofrecemos transporte dentro la Ciudad de Panam\u00e1 y otros sitios populares cercanos.<br \/>\n<img loading=\"lazy\" decoding=\"async\" class=\"alignright wp-image-215 size-full\" style=\"margin-left: 10px; margin-right: 10px;\" src=\"http:\/\/www.easytravelpanama.net\/wp-content\/uploads\/2013\/12\/Transportation1.png\" alt=\"Judy Tovar, propietaria\" width=\"200\" height=\"200\" srcset=\"https:\/\/www.easytravelpanama.net\/wp-content\/uploads\/2013\/12\/Transportation1.png 200w, https:\/\/www.easytravelpanama.net\/wp-content\/uploads\/2013\/12\/Transportation1-150x150.png 150w, https:\/\/www.easytravelpanama.net\/wp-content\/uploads\/2013\/12\/Transportation1-195x195.png 195w, https:\/\/www.easytravelpanama.net\/wp-content\/uploads\/2013\/12\/Transportation1-130x130.png 130w, https:\/\/www.easytravelpanama.net\/wp-content\/uploads\/2013\/12\/Transportation1-70x70.png 70w, https:\/\/www.easytravelpanama.net\/wp-content\/uploads\/2013\/12\/Transportation1-45x45.png 45w\" sizes=\"(max-width: 200px) 100vw, 200px\" \/><\/span><\/h3>\n<p style=\"text-align: justify; padding: 10px 25px 10px 25px;\">Lo podemos recoger en el Aeropuerto Internacional de Tocumen, llevarlo a su hotel, y personalizarle cualquier excursi\u00f3n de visitas tur\u00edsticas, hist\u00f3ricas, culturales, de naturaleza o de compras, de acuerdo a sus necesidades individuales e intereses particulares. Lo que desee ver &#8211; se lo mostraremos! Desde el incio de su viaje obtendr\u00e1 una idea real de nuestro bello Panam\u00e1!<br \/>\nTodos mis gu\u00edas son totalmente biling\u00faes y con mucho conocimiento de nuestra historia y cultura, son muy profesionales, pero a la vez muy divertidos!<br \/>\nDesde que pisa suelo Paname\u00f1o, nuestros choferes y gu\u00edas le recibir\u00e1n y le asistir\u00e1n. Ofrecemos transporte y paseos tur\u00edsticos por toda la Ciudad de Panam\u00e1 y otros destinos populares cercanos. Nuestros choferes\/gu\u00edas tienen muchos conocimientos sobre todos los aspectos de Panam\u00e1 y sus diversas culturas. Podemos personalizar sus visitas tur\u00edsticas culturales, hist\u00f3ricas y de naturaleza, visitas a la aldea de los Indios Ember\u00e1, o paseos de compras seg\u00fan sus necesidades e intereses personales.<br \/>\nNuestros choferes\/gu\u00edas biling\u00fces, aunque muy profesionales, son muy divertidos y con mucha experencia trabajando con visitantes internacionales. Tenemos cientos de clientes muy satisfechos y confiamos que se usted sentir\u00e1 igual.<br \/>\nEasy Travel Panam\u00e1 le ofrece servicios de giras y transporte terrestre personalizado para 1 persona o cualquier tama\u00f1o de grupo que est\u00e9 viajando con usted. Desde una a tres personas el viaje ser\u00eda en un autom\u00f3vil muy c\u00f3modo. Tenemos diferentes tama\u00f1os de buses para m\u00e1s de 4 personas.<\/p>\n<p style=\"text-align: justify; padding: 10px 25px 10px 25px;\">Si usted est\u00e1 en un crucero y su barco se detiene por un d\u00eda en Panam\u00e1&#8230;.ser\u00eda en el Puerto de Col\u00f3n (en el lado Atl\u00e1ntico) o en el Puerto de Amador (en el lado Pac\u00edfico). Lo podr\u00edamos recoger en cualquiera de los puertos y organizarle una gira personalizada solamente para usted\/ustedes.<br \/>\nNos especalizamos en giras personalizadas de La Ciudad\/Culturales\/Hist\u00f3ricas\/Canal de Panam\u00e1\/Naturaleza\/de Compras\/ recorrido de Reconocimiento, etc.<br \/>\nTodos los choferes y gu\u00edas de Easy Travel Panam\u00e1 son completamente biling\u00fces, con mucho conocimiento de nuestra historia, muy profesionales pero a la vez divertidos!<br \/>\nTenemos cientos de clientes muy satisfechos y sabemos usted se sentir\u00e1 igual.<\/p>\n<div style=\"text-align: center;\"><img loading=\"lazy\" decoding=\"async\" class=\"alignnone wp-image-222\" src=\"http:\/\/www.easytravelpanama.net\/wp-content\/uploads\/2013\/12\/Casco-Viejo-Panama1.png\" alt=\"Casco Viejo\" width=\"175\" height=\"175\" srcset=\"https:\/\/www.easytravelpanama.net\/wp-content\/uploads\/2013\/12\/Casco-Viejo-Panama1.png 200w, https:\/\/www.easytravelpanama.net\/wp-content\/uploads\/2013\/12\/Casco-Viejo-Panama1-150x150.png 150w, https:\/\/www.easytravelpanama.net\/wp-content\/uploads\/2013\/12\/Casco-Viejo-Panama1-195x195.png 195w, https:\/\/www.easytravelpanama.net\/wp-content\/uploads\/2013\/12\/Casco-Viejo-Panama1-130x130.png 130w, https:\/\/www.easytravelpanama.net\/wp-content\/uploads\/2013\/12\/Casco-Viejo-Panama1-70x70.png 70w, https:\/\/www.easytravelpanama.net\/wp-content\/uploads\/2013\/12\/Casco-Viejo-Panama1-45x45.png 45w\" sizes=\"(max-width: 175px) 100vw, 175px\" \/><img loading=\"lazy\" decoding=\"async\" class=\"alignnone wp-image-223\" style=\"margin-left: 10px; margin-right: 10px;\" src=\"http:\/\/www.easytravelpanama.net\/wp-content\/uploads\/2013\/12\/Panama-City-Album1.png\" alt=\"La ciudad de Panam\u00e1 en la noche\" width=\"175\" height=\"175\" srcset=\"https:\/\/www.easytravelpanama.net\/wp-content\/uploads\/2013\/12\/Panama-City-Album1.png 200w, https:\/\/www.easytravelpanama.net\/wp-content\/uploads\/2013\/12\/Panama-City-Album1-150x150.png 150w, https:\/\/www.easytravelpanama.net\/wp-content\/uploads\/2013\/12\/Panama-City-Album1-195x195.png 195w, https:\/\/www.easytravelpanama.net\/wp-content\/uploads\/2013\/12\/Panama-City-Album1-130x130.png 130w, https:\/\/www.easytravelpanama.net\/wp-content\/uploads\/2013\/12\/Panama-City-Album1-70x70.png 70w, https:\/\/www.easytravelpanama.net\/wp-content\/uploads\/2013\/12\/Panama-City-Album1-45x45.png 45w\" sizes=\"(max-width: 175px) 100vw, 175px\" \/><img loading=\"lazy\" decoding=\"async\" class=\"alignnone wp-image-225\" src=\"http:\/\/www.easytravelpanama.net\/wp-content\/uploads\/2013\/12\/Causeway1.png\" alt=\"La Calzada de Amador\" width=\"175\" height=\"175\" srcset=\"https:\/\/www.easytravelpanama.net\/wp-content\/uploads\/2013\/12\/Causeway1.png 200w, https:\/\/www.easytravelpanama.net\/wp-content\/uploads\/2013\/12\/Causeway1-150x150.png 150w, https:\/\/www.easytravelpanama.net\/wp-content\/uploads\/2013\/12\/Causeway1-195x195.png 195w, https:\/\/www.easytravelpanama.net\/wp-content\/uploads\/2013\/12\/Causeway1-130x130.png 130w, https:\/\/www.easytravelpanama.net\/wp-content\/uploads\/2013\/12\/Causeway1-70x70.png 70w, https:\/\/www.easytravelpanama.net\/wp-content\/uploads\/2013\/12\/Causeway1-45x45.png 45w\" sizes=\"(max-width: 175px) 100vw, 175px\" \/><\/div>\n<p><\/p>","protected":false},"excerpt":{"rendered":"<p>Ofrecemos transporte dentro la Ciudad de Panam\u00e1 y otros sitios populares cercanos. Lo podemos recoger en el Aeropuerto Internacional de Tocumen, llevarlo a su hotel, y personalizarle cualquier excursi\u00f3n de visitas tur\u00edsticas, hist\u00f3ricas, culturales, de naturaleza o de compras, de acuerdo a sus necesidades individuales e intereses particulares. Lo que desee ver &#8211; se lo [&hellip;]<\/p>\n","protected":false},"author":1,"featured_media":0,"parent":0,"menu_order":0,"comment_status":"open","ping_status":"open","template":"","meta":{"footnotes":""},"class_list":["post-1131","page","type-page","status-publish","hentry"],"_links":{"self":[{"href":"https:\/\/www.easytravelpanama.net\/es\/wp-json\/wp\/v2\/pages\/1131"}],"collection":[{"href":"https:\/\/www.easytravelpanama.net\/es\/wp-json\/wp\/v2\/pages"}],"about":[{"href":"https:\/\/www.easytravelpanama.net\/es\/wp-json\/wp\/v2\/types\/page"}],"author":[{"embeddable":true,"href":"https:\/\/www.easytravelpanama.net\/es\/wp-json\/wp\/v2\/users\/1"}],"replies":[{"embeddable":true,"href":"https:\/\/www.easytravelpanama.net\/es\/wp-json\/wp\/v2\/comments?post=1131"}],"version-history":[{"count":0,"href":"https:\/\/www.easytravelpanama.net\/es\/wp-json\/wp\/v2\/pages\/1131\/revisions"}],"wp:attachment":[{"href":"https:\/\/www.easytravelpanama.net\/es\/wp-json\/wp\/v2\/media?parent=1131"}],"curies":[{"name":"wp","href":"https:\/\/api.w.org\/{rel}","templated":true}]}}