{"id":1144,"date":"2014-07-19T21:48:11","date_gmt":"2014-07-19T21:48:11","guid":{"rendered":"http:\/\/www.easytravelpanama.net\/?page_id=1144"},"modified":"2014-10-30T13:39:53","modified_gmt":"2014-10-30T18:39:53","slug":"links-utiles","status":"publish","type":"page","link":"https:\/\/www.easytravelpanama.net\/es\/links-utiles\/","title":{"rendered":"Links \u00datiles"},"content":{"rendered":"<ul>\n<li><a href=\"http:\/\/www.tocumenpanama.aero\/\" target=\"_blank\">Aeropuerto de Panam\u00e1-<\/a> Informaci\u00f3n acerca del Aeropuerto Internacional de Tocumen en Panam\u00e1<\/li>\n<li><a title=\"Canal de Panam\u00e1\" href=\"http:\/\/micanaldepanama.com\/\" target=\"_blank\">Canal de Panam\u00e1<\/a> &#8211; Informaci\u00f3n acerca del Canal de Panam\u00e1<\/li>\n<li><a href=\"http:\/\/www.origenrealestate.com\/\" target=\"_blank\">Bienes Pa\u00edces <\/a>&#8211; Especialistas en Bienes Ra\u00edces en Panam\u00e1<\/li>\n<li><a title=\"Panama Lawyer\" href=\"http:\/\/www.panamalawyermayralamboglia.com\" target=\"_blank\">Mayra L. Ruzzi<\/a> &#8211; Abogada especialista en inmigraci\u00f3n<\/li>\n<li><a href=\"http:\/\/www.marathonpanama.com\" target=\"_blank\">Marat\u00f3n de Panam\u00e1<\/a> &#8211; Informaci\u00f3n sobre\u00a0 maratones y otras actividades<\/li>\n<li><a href=\"http:\/\/www.boquetetreetrek.com\/\" target=\"_blank\">Zip Line en Boquete<\/a> &#8211; Naturaleza y Aventura<\/li>\n<li><a href=\"http:\/\/www.tranquilobay.com\/\" target=\"_blank\">Tranquilo Bay <\/a>&#8211; Caba\u00f1as Ecol\u00f2gicas Cinco Estrella en Bocas del Toro<\/li>\n<li><a title=\"Casa Cayuco\" href=\"http:\/\/www.casacayuco.com\/\" target=\"_blank\">Casa Cayuco <\/a>&#8211; Hotel Ecol\u00f2gico en Bocas del Toro<\/li>\n<li><a title=\"Bo\" href=\"http:\/\/www.easytravelpanama.net\/bo\/\" target=\"_blank\">Servicio de Transporte Expreso de Bo <\/a>&#8211; Entregas, Transporte<\/li>\n<li><a title=\"Boquete Lots\" href=\"http:\/\/boquetelots.com\" target=\"_blank\">Boquete.com <\/a>&#8211; Lotes en Boquete<\/li>\n<\/ul>\n<p>&nbsp;<\/p>\n<p style=\"text-align: justify; padding: 10px 25px 10px 25px;\"><strong>\u00a0<\/strong><\/p>\n<p style=\"text-align: justify; padding: 10px 25px 10px 25px;\"><strong>Forums = cuando entra en uno de estos forums&#8230;favor poner Easy Travel Panama en la cajita de buscar:<\/strong><\/p>\n<ul>\n<li><a title=\"Trip Advisor Forum\" href=\"http:\/\/www.tripadvisor.com\/ShowForum-g294479-i1193-Panama.html\" target=\"_blank\">Trip Advisor <\/a><\/li>\n<li><a title=\"Lonely Planet Panama Forum\" href=\"https:\/\/www.lonelyplanet.com\/thorntree\/forums\/americas-central-america\/panama\" target=\"_blank\">Lonely Planet Panama<\/a><\/li>\n<li><a title=\"Fodors Forum\" href=\"http:\/\/www.fodors.com\/community\/mexico-central-america\/panama\/\" target=\"_blank\">Fodors<\/a><\/li>\n<\/ul>\n<p>&nbsp;<\/p>\n<p>&nbsp;<\/p>\n<div style=\"text-align: center;\"><img loading=\"lazy\" decoding=\"async\" class=\"alignnone wp-image-237 size-thumbnail\" style=\"margin-right: 15px;\" src=\"http:\/\/www.easytravelpanama.net\/wp-content\/uploads\/2013\/12\/CascoViejo1-150x150.png\" alt=\"Casco Viejo\" width=\"150\" height=\"150\" srcset=\"https:\/\/www.easytravelpanama.net\/wp-content\/uploads\/2013\/12\/CascoViejo1-150x150.png 150w, https:\/\/www.easytravelpanama.net\/wp-content\/uploads\/2013\/12\/CascoViejo1-195x195.png 195w, https:\/\/www.easytravelpanama.net\/wp-content\/uploads\/2013\/12\/CascoViejo1-130x130.png 130w, https:\/\/www.easytravelpanama.net\/wp-content\/uploads\/2013\/12\/CascoViejo1-70x70.png 70w, https:\/\/www.easytravelpanama.net\/wp-content\/uploads\/2013\/12\/CascoViejo1-45x45.png 45w, https:\/\/www.easytravelpanama.net\/wp-content\/uploads\/2013\/12\/CascoViejo1.png 200w\" sizes=\"(max-width: 150px) 100vw, 150px\" \/><img loading=\"lazy\" decoding=\"async\" class=\"alignnone wp-image-238 size-thumbnail\" style=\"margin-right: 15px;\" src=\"http:\/\/www.easytravelpanama.net\/wp-content\/uploads\/2013\/12\/EmberaBaskets1-150x150.png\" alt=\"Compras\" width=\"150\" height=\"150\" srcset=\"https:\/\/www.easytravelpanama.net\/wp-content\/uploads\/2013\/12\/EmberaBaskets1-150x150.png 150w, https:\/\/www.easytravelpanama.net\/wp-content\/uploads\/2013\/12\/EmberaBaskets1-195x195.png 195w, https:\/\/www.easytravelpanama.net\/wp-content\/uploads\/2013\/12\/EmberaBaskets1-130x130.png 130w, https:\/\/www.easytravelpanama.net\/wp-content\/uploads\/2013\/12\/EmberaBaskets1-70x70.png 70w, https:\/\/www.easytravelpanama.net\/wp-content\/uploads\/2013\/12\/EmberaBaskets1-45x45.png 45w, https:\/\/www.easytravelpanama.net\/wp-content\/uploads\/2013\/12\/EmberaBaskets1.png 200w\" sizes=\"(max-width: 150px) 100vw, 150px\" \/><img loading=\"lazy\" decoding=\"async\" class=\"alignnone wp-image-425 size-thumbnail\" src=\"http:\/\/www.easytravelpanama.net\/wp-content\/uploads\/2013\/12\/Panama-City27-150x150.png\" alt=\"Ciudad de Panam\u00e1\" width=\"150\" height=\"150\" \/><\/div>\n<p><\/p>","protected":false},"excerpt":{"rendered":"<p>Aeropuerto de Panam\u00e1- Informaci\u00f3n acerca del Aeropuerto Internacional de Tocumen en Panam\u00e1 Canal de Panam\u00e1 &#8211; Informaci\u00f3n acerca del Canal de Panam\u00e1 Bienes Pa\u00edces &#8211; Especialistas en Bienes Ra\u00edces en Panam\u00e1 Mayra L. Ruzzi &#8211; Abogada especialista en inmigraci\u00f3n Marat\u00f3n de Panam\u00e1 &#8211; Informaci\u00f3n sobre\u00a0 maratones y otras actividades Zip Line en Boquete &#8211; Naturaleza [&hellip;]<\/p>\n","protected":false},"author":1,"featured_media":0,"parent":0,"menu_order":0,"comment_status":"open","ping_status":"open","template":"","meta":{"footnotes":""},"class_list":["post-1144","page","type-page","status-publish","hentry"],"_links":{"self":[{"href":"https:\/\/www.easytravelpanama.net\/es\/wp-json\/wp\/v2\/pages\/1144"}],"collection":[{"href":"https:\/\/www.easytravelpanama.net\/es\/wp-json\/wp\/v2\/pages"}],"about":[{"href":"https:\/\/www.easytravelpanama.net\/es\/wp-json\/wp\/v2\/types\/page"}],"author":[{"embeddable":true,"href":"https:\/\/www.easytravelpanama.net\/es\/wp-json\/wp\/v2\/users\/1"}],"replies":[{"embeddable":true,"href":"https:\/\/www.easytravelpanama.net\/es\/wp-json\/wp\/v2\/comments?post=1144"}],"version-history":[{"count":0,"href":"https:\/\/www.easytravelpanama.net\/es\/wp-json\/wp\/v2\/pages\/1144\/revisions"}],"wp:attachment":[{"href":"https:\/\/www.easytravelpanama.net\/es\/wp-json\/wp\/v2\/media?parent=1144"}],"curies":[{"name":"wp","href":"https:\/\/api.w.org\/{rel}","templated":true}]}}