{"id":1173,"date":"2014-07-20T15:55:02","date_gmt":"2014-07-20T15:55:02","guid":{"rendered":"http:\/\/www.easytravelpanama.net\/?page_id=1173"},"modified":"2017-08-26T18:20:31","modified_gmt":"2017-08-26T23:20:31","slug":"giras-a-playas-pacifico","status":"publish","type":"page","link":"https:\/\/www.easytravelpanama.net\/es\/giras-a-playas-pacifico\/","title":{"rendered":"Giras a Playas Pacifico"},"content":{"rendered":"<h1 style=\"text-align: center;\"><span style=\"color: #58a808;\">Giras a Playas<\/span><\/h1>\n<p>&nbsp;<\/p>\n<h3 align=\"left\"><b><span style=\"color: #98b8d8;\">Disfruta un d\u00eda en una Playa del Pacifico<img loading=\"lazy\" decoding=\"async\" class=\"alignright wp-image-171 size-full\" style=\"margin-top: 50px; margin-right: 20px; margin-bottom: 60px;\" src=\"http:\/\/www.easytravelpanama.net\/wp-content\/uploads\/2013\/12\/Pacific-Beach-.png\" alt=\"Playa del Pac\u00edfico\" width=\"200\" height=\"200\" srcset=\"https:\/\/www.easytravelpanama.net\/wp-content\/uploads\/2013\/12\/Pacific-Beach-.png 200w, https:\/\/www.easytravelpanama.net\/wp-content\/uploads\/2013\/12\/Pacific-Beach--150x150.png 150w, https:\/\/www.easytravelpanama.net\/wp-content\/uploads\/2013\/12\/Pacific-Beach--195x195.png 195w, https:\/\/www.easytravelpanama.net\/wp-content\/uploads\/2013\/12\/Pacific-Beach--130x130.png 130w, https:\/\/www.easytravelpanama.net\/wp-content\/uploads\/2013\/12\/Pacific-Beach--70x70.png 70w, https:\/\/www.easytravelpanama.net\/wp-content\/uploads\/2013\/12\/Pacific-Beach--45x45.png 45w\" sizes=\"(max-width: 200px) 100vw, 200px\" \/><br \/>\n<\/span><\/b><\/h3>\n<p style=\"text-align: justify; padding: 10px 25px 10px 25px;\">T\u00f3mese un paseo y vea algo de nuestra hermosa campi\u00f1a y nade en el Oc\u00e9ano Pacifico. Disfrute un d\u00eda en una hermosa playa&#8230;&#8230;en el Oc\u00e9ano Pacifico. Se sale de la ciudad de Panam\u00e1 a las 8:00am y debe estar de regreso alrededor de las 4:00pm.<br \/>\nLo llevarmeos en un viaje como de 2 horas por la Carretera Panamericana hacia una hermosa playa en el Oc\u00e9ano Pacifico con el nombre de Santa Clara. Tiene excelente facilidades para turistas de un d\u00eda. Por solamente $2 por persona tiene acceso a ba\u00f1os y duchas. Por otros $10 le dar\u00e1n un boh\u00edo bajo palmeras con hamacas o una mesa con sillas de playa.<br \/>\nEl restaurante del sitio tiene comidas y bebidas a precios razonables. Se puede sentar en la playa y comer un delicioso almuerzo t\u00edpico (pescado fresco\/pl\u00e1tanos fritos (patacones), etc.)&#8230;&#8230;&#8230;. Y comer con vista al Oc\u00e9ano Pacifico.<br \/>\nTendr\u00e1 un maravilloso d\u00eda.<\/p>\n<div id='gallery-1' class='gallery galleryid-1173 gallery-columns-4 gallery-size-thumbnail'><dl class='gallery-item'>\n\t\t\t<dt class='gallery-icon landscape'>\n\t\t\t\t<a href='https:\/\/www.easytravelpanama.net\/wp-content\/uploads\/2017\/08\/Santa-Clara01w.jpg'><img loading=\"lazy\" decoding=\"async\" width=\"150\" height=\"150\" src=\"https:\/\/www.easytravelpanama.net\/wp-content\/uploads\/2017\/08\/Santa-Clara01w-150x150.jpg\" class=\"attachment-thumbnail size-thumbnail\" alt=\"Santa Clara Beach\" srcset=\"https:\/\/www.easytravelpanama.net\/wp-content\/uploads\/2017\/08\/Santa-Clara01w-150x150.jpg 150w, https:\/\/www.easytravelpanama.net\/wp-content\/uploads\/2017\/08\/Santa-Clara01w-130x130.jpg 130w, https:\/\/www.easytravelpanama.net\/wp-content\/uploads\/2017\/08\/Santa-Clara01w-70x70.jpg 70w, https:\/\/www.easytravelpanama.net\/wp-content\/uploads\/2017\/08\/Santa-Clara01w-45x45.jpg 45w\" sizes=\"(max-width: 150px) 100vw, 150px\" \/><\/a>\n\t\t\t<\/dt><\/dl><dl class='gallery-item'>\n\t\t\t<dt class='gallery-icon landscape'>\n\t\t\t\t<a href='https:\/\/www.easytravelpanama.net\/wp-content\/uploads\/2017\/08\/Santa-Clara_03w.jpg'><img loading=\"lazy\" decoding=\"async\" width=\"150\" height=\"150\" src=\"https:\/\/www.easytravelpanama.net\/wp-content\/uploads\/2017\/08\/Santa-Clara_03w-150x150.jpg\" class=\"attachment-thumbnail size-thumbnail\" alt=\"Santa Clara Beach\" srcset=\"https:\/\/www.easytravelpanama.net\/wp-content\/uploads\/2017\/08\/Santa-Clara_03w-150x150.jpg 150w, https:\/\/www.easytravelpanama.net\/wp-content\/uploads\/2017\/08\/Santa-Clara_03w-130x130.jpg 130w, https:\/\/www.easytravelpanama.net\/wp-content\/uploads\/2017\/08\/Santa-Clara_03w-70x70.jpg 70w, https:\/\/www.easytravelpanama.net\/wp-content\/uploads\/2017\/08\/Santa-Clara_03w-45x45.jpg 45w\" sizes=\"(max-width: 150px) 100vw, 150px\" \/><\/a>\n\t\t\t<\/dt><\/dl><dl class='gallery-item'>\n\t\t\t<dt class='gallery-icon landscape'>\n\t\t\t\t<a href='https:\/\/www.easytravelpanama.net\/wp-content\/uploads\/2017\/08\/Santa-Clara_02w.jpg'><img loading=\"lazy\" decoding=\"async\" width=\"150\" height=\"150\" src=\"https:\/\/www.easytravelpanama.net\/wp-content\/uploads\/2017\/08\/Santa-Clara_02w-150x150.jpg\" class=\"attachment-thumbnail size-thumbnail\" alt=\"Santa Clara Beach\" srcset=\"https:\/\/www.easytravelpanama.net\/wp-content\/uploads\/2017\/08\/Santa-Clara_02w-150x150.jpg 150w, https:\/\/www.easytravelpanama.net\/wp-content\/uploads\/2017\/08\/Santa-Clara_02w-130x130.jpg 130w, https:\/\/www.easytravelpanama.net\/wp-content\/uploads\/2017\/08\/Santa-Clara_02w-70x70.jpg 70w, https:\/\/www.easytravelpanama.net\/wp-content\/uploads\/2017\/08\/Santa-Clara_02w-45x45.jpg 45w\" sizes=\"(max-width: 150px) 100vw, 150px\" \/><\/a>\n\t\t\t<\/dt><\/dl><dl class='gallery-item'>\n\t\t\t<dt class='gallery-icon landscape'>\n\t\t\t\t<a href='https:\/\/www.easytravelpanama.net\/wp-content\/uploads\/2014\/07\/Santa-Clara_05w.jpg'><img loading=\"lazy\" decoding=\"async\" width=\"150\" height=\"150\" src=\"https:\/\/www.easytravelpanama.net\/wp-content\/uploads\/2014\/07\/Santa-Clara_05w-150x150.jpg\" class=\"attachment-thumbnail size-thumbnail\" alt=\"Santa Clara\" srcset=\"https:\/\/www.easytravelpanama.net\/wp-content\/uploads\/2014\/07\/Santa-Clara_05w-150x150.jpg 150w, https:\/\/www.easytravelpanama.net\/wp-content\/uploads\/2014\/07\/Santa-Clara_05w-130x130.jpg 130w, https:\/\/www.easytravelpanama.net\/wp-content\/uploads\/2014\/07\/Santa-Clara_05w-70x70.jpg 70w, https:\/\/www.easytravelpanama.net\/wp-content\/uploads\/2014\/07\/Santa-Clara_05w-45x45.jpg 45w\" sizes=\"(max-width: 150px) 100vw, 150px\" \/><\/a>\n\t\t\t<\/dt><\/dl><br style=\"clear: both\" \/>\n\t\t<\/div>\n\n<p>&nbsp;<\/p>\n<p><\/p>","protected":false},"excerpt":{"rendered":"<p>Giras a Playas &nbsp; Disfruta un d\u00eda en una Playa del Pacifico T\u00f3mese un paseo y vea algo de nuestra hermosa campi\u00f1a y nade en el Oc\u00e9ano Pacifico. Disfrute un d\u00eda en una hermosa playa&#8230;&#8230;en el Oc\u00e9ano Pacifico. Se sale de la ciudad de Panam\u00e1 a las 8:00am y debe estar de regreso alrededor de [&hellip;]<\/p>\n","protected":false},"author":1,"featured_media":0,"parent":0,"menu_order":0,"comment_status":"open","ping_status":"open","template":"","meta":{"footnotes":""},"class_list":["post-1173","page","type-page","status-publish","hentry"],"_links":{"self":[{"href":"https:\/\/www.easytravelpanama.net\/es\/wp-json\/wp\/v2\/pages\/1173"}],"collection":[{"href":"https:\/\/www.easytravelpanama.net\/es\/wp-json\/wp\/v2\/pages"}],"about":[{"href":"https:\/\/www.easytravelpanama.net\/es\/wp-json\/wp\/v2\/types\/page"}],"author":[{"embeddable":true,"href":"https:\/\/www.easytravelpanama.net\/es\/wp-json\/wp\/v2\/users\/1"}],"replies":[{"embeddable":true,"href":"https:\/\/www.easytravelpanama.net\/es\/wp-json\/wp\/v2\/comments?post=1173"}],"version-history":[{"count":0,"href":"https:\/\/www.easytravelpanama.net\/es\/wp-json\/wp\/v2\/pages\/1173\/revisions"}],"wp:attachment":[{"href":"https:\/\/www.easytravelpanama.net\/es\/wp-json\/wp\/v2\/media?parent=1173"}],"curies":[{"name":"wp","href":"https:\/\/api.w.org\/{rel}","templated":true}]}}