{"id":1245,"date":"2014-07-22T12:47:01","date_gmt":"2014-07-22T12:47:01","guid":{"rendered":"http:\/\/www.easytravelpanama.net\/?page_id=1245"},"modified":"2024-09-13T21:42:25","modified_gmt":"2024-09-14T02:42:25","slug":"mudarse-a-la-playas","status":"publish","type":"page","link":"https:\/\/www.easytravelpanama.net\/es\/mudarse-a-la-playas\/","title":{"rendered":"Giras de Reubicaci\u00f2n"},"content":{"rendered":"<h1 style=\"text-align: left;\"><span style=\"color: #98b8d8;\">Gira de Reubicaci\u00f2n en la Ciudad de Panam\u00e0<br \/>\n<\/span><\/h1>\n<p style=\"text-align: justify; padding: 10px 25px 10px 25px;\">Minimo 6 horas = 1 y 2 personas = $35.00 la hora<br \/>\n8 horas &#8211; 1 y\u00a0 2 personas = $35.00 la hora<\/p>\n<p style=\"text-align: justify; padding: 10px 25px 10px 25px;\">Le llevaremos a ver los diferentes barrios de la Ciudad de Panam\u00e0. <img loading=\"lazy\" decoding=\"async\" class=\"alignright wp-image-106 size-full\" style=\"margin-left: 10px;\" src=\"http:\/\/www.easytravelpanama.net\/wp-content\/uploads\/2013\/12\/Neighborhood.png\" alt=\"Neighborhood\" width=\"200\" height=\"200\" srcset=\"https:\/\/www.easytravelpanama.net\/wp-content\/uploads\/2013\/12\/Neighborhood.png 200w, https:\/\/www.easytravelpanama.net\/wp-content\/uploads\/2013\/12\/Neighborhood-150x150.png 150w, https:\/\/www.easytravelpanama.net\/wp-content\/uploads\/2013\/12\/Neighborhood-195x195.png 195w, https:\/\/www.easytravelpanama.net\/wp-content\/uploads\/2013\/12\/Neighborhood-130x130.png 130w, https:\/\/www.easytravelpanama.net\/wp-content\/uploads\/2013\/12\/Neighborhood-70x70.png 70w, https:\/\/www.easytravelpanama.net\/wp-content\/uploads\/2013\/12\/Neighborhood-45x45.png 45w\" sizes=\"(max-width: 200px) 100vw, 200px\" \/>Esta gira est\u00e0 dise\u00f1ada para que usted pueda sentir nuestra ciudad, y ver qu\u00e8 est\u00e0 cerca de cada barrio en relac\u00econ a restaurantes, supermercados, bancos, hospitales, etc.\u00a0 De esta manera usted puede decidir qu\u00e8 \u00e0rea le gusta m\u00e0s para vivir.\u00a0 Tambien lo podemos llevar a visitar uno de nuestros supermercados para que vea que est\u00e0n super bien surtidos&#8230;tienen todo lo que usted pueda necesitar.<\/p>\n<h3 align=\"left\"><b><span style=\"color: #98b8d8;\">Mudarse a las Playas<br \/>\n<\/span><\/b><\/h3>\n<p style=\"text-align: justify; padding: 10px 25px 10px 25px;\">Si le interesa ver algunos de los proyectos de bienes <img loading=\"lazy\" decoding=\"async\" class=\"alignright wp-image-177 size-full\" style=\"margin-left: 10px;\" src=\"http:\/\/www.easytravelpanama.net\/wp-content\/uploads\/2013\/12\/PacificBeach.png\" alt=\"Costa del Pac\u00edfico\" width=\"200\" height=\"200\" srcset=\"https:\/\/www.easytravelpanama.net\/wp-content\/uploads\/2013\/12\/PacificBeach.png 200w, https:\/\/www.easytravelpanama.net\/wp-content\/uploads\/2013\/12\/PacificBeach-150x150.png 150w, https:\/\/www.easytravelpanama.net\/wp-content\/uploads\/2013\/12\/PacificBeach-195x195.png 195w, https:\/\/www.easytravelpanama.net\/wp-content\/uploads\/2013\/12\/PacificBeach-130x130.png 130w, https:\/\/www.easytravelpanama.net\/wp-content\/uploads\/2013\/12\/PacificBeach-70x70.png 70w, https:\/\/www.easytravelpanama.net\/wp-content\/uploads\/2013\/12\/PacificBeach-45x45.png 45w\" sizes=\"(max-width: 200px) 100vw, 200px\" \/>ra\u00edces en la Costa del Pac\u00edfico, tambi\u00e9n lo podemos llevar all\u00ed.<br \/>\nLe podemos mostrar algunos de los extraordinarios campos de golf en algunos de estos proyectos. Lo llevaremos a visitar un supermercado, etc. para que vea lo moderno y bien surtidos que son.\u00a0 En esta area ahora practicamente puede encontrar todo lo que necesita sin tener que viajar a la Ciudad de Panam\u00e0 a comprarlo. Tambien ya hay una rama del Hospital San Fernando en Coronado.<\/p>\n<h2 style=\"text-align: center;\"><span style=\"color: #98b8d8;\"><img loading=\"lazy\" decoding=\"async\" class=\"aligncenter; wp-image-70 size-thumbnail\" style=\"margin-right: 25px;\" src=\"http:\/\/www.easytravelpanama.net\/wp-content\/uploads\/2013\/12\/About-Judy-150x150.png\" alt=\"Judy Tovar, Bilingual Tour Guide\" width=\"150\" height=\"150\" srcset=\"https:\/\/www.easytravelpanama.net\/wp-content\/uploads\/2013\/12\/About-Judy-150x150.png 150w, https:\/\/www.easytravelpanama.net\/wp-content\/uploads\/2013\/12\/About-Judy-130x130.png 130w, https:\/\/www.easytravelpanama.net\/wp-content\/uploads\/2013\/12\/About-Judy-70x70.png 70w, https:\/\/www.easytravelpanama.net\/wp-content\/uploads\/2013\/12\/About-Judy-45x45.png 45w\" sizes=\"(max-width: 150px) 100vw, 150px\" \/><br \/>\nReserva tu gira hoy!<br \/>\nContactar: Judy Tovar<br \/>\nEasy Travel Panama<br \/>\n<a href=\"mailto:%20easytravelpanama01@gmail.com\">easytravelpanama01@cwpanama.net<\/a><br \/>\nor call (507)6617-4122 in Panama<br \/>\nor call (210) 272-9047 in the U.S.<br \/>\n<\/span><\/h2>\n<p><\/p>","protected":false},"excerpt":{"rendered":"<p>Gira de Reubicaci\u00f2n en la Ciudad de Panam\u00e0 Minimo 6 horas = 1 y 2 personas = $35.00 la hora 8 horas &#8211; 1 y\u00a0 2 personas = $35.00 la hora Le llevaremos a ver los diferentes barrios de la Ciudad de Panam\u00e0. Esta gira est\u00e0 dise\u00f1ada para que usted pueda sentir nuestra ciudad, y [&hellip;]<\/p>\n","protected":false},"author":1,"featured_media":0,"parent":0,"menu_order":0,"comment_status":"open","ping_status":"open","template":"","meta":{"footnotes":""},"class_list":["post-1245","page","type-page","status-publish","hentry"],"_links":{"self":[{"href":"https:\/\/www.easytravelpanama.net\/es\/wp-json\/wp\/v2\/pages\/1245"}],"collection":[{"href":"https:\/\/www.easytravelpanama.net\/es\/wp-json\/wp\/v2\/pages"}],"about":[{"href":"https:\/\/www.easytravelpanama.net\/es\/wp-json\/wp\/v2\/types\/page"}],"author":[{"embeddable":true,"href":"https:\/\/www.easytravelpanama.net\/es\/wp-json\/wp\/v2\/users\/1"}],"replies":[{"embeddable":true,"href":"https:\/\/www.easytravelpanama.net\/es\/wp-json\/wp\/v2\/comments?post=1245"}],"version-history":[{"count":4,"href":"https:\/\/www.easytravelpanama.net\/es\/wp-json\/wp\/v2\/pages\/1245\/revisions"}],"predecessor-version":[{"id":2500,"href":"https:\/\/www.easytravelpanama.net\/es\/wp-json\/wp\/v2\/pages\/1245\/revisions\/2500"}],"wp:attachment":[{"href":"https:\/\/www.easytravelpanama.net\/es\/wp-json\/wp\/v2\/media?parent=1245"}],"curies":[{"name":"wp","href":"https:\/\/api.w.org\/{rel}","templated":true}]}}