{"id":1258,"date":"2014-07-22T13:03:20","date_gmt":"2014-07-22T13:03:20","guid":{"rendered":"http:\/\/www.easytravelpanama.net\/?page_id=1258"},"modified":"2024-09-13T21:07:06","modified_gmt":"2024-09-14T02:07:06","slug":"gira-de-escala-en-el-aeropuerto","status":"publish","type":"page","link":"https:\/\/www.easytravelpanama.net\/es\/gira-de-escala-en-el-aeropuerto\/","title":{"rendered":"Gira de Escala en el Aeropuertos"},"content":{"rendered":"<h1 style=\"text-align: center;\"><span style=\"color: #58a808;\">Hace escala de tr\u00e1nsito en el Aeropuerto Internacional de Tocumen o el Aeropuerto de Albrook en la Ciudad de\u00a0 Panam\u00e1?<br \/>\n<\/span><\/h1>\n<p style=\"text-align: justify; padding: 10px 25px 10px 25px;\">En vez de sentarse en el aeropuerto, permita que Easy Travel Panama le muestre algunas de las atracciones\u00a0<img loading=\"lazy\" decoding=\"async\" class=\"alignright wp-image-218 size-full\" style=\"margin-left: 10px;\" src=\"http:\/\/www.easytravelpanama.net\/wp-content\/uploads\/2013\/12\/Tocumen1.png\" alt=\"Aeropuerto Tocumen \" width=\"200\" height=\"200\" srcset=\"https:\/\/www.easytravelpanama.net\/wp-content\/uploads\/2013\/12\/Tocumen1.png 200w, https:\/\/www.easytravelpanama.net\/wp-content\/uploads\/2013\/12\/Tocumen1-150x150.png 150w, https:\/\/www.easytravelpanama.net\/wp-content\/uploads\/2013\/12\/Tocumen1-195x195.png 195w, https:\/\/www.easytravelpanama.net\/wp-content\/uploads\/2013\/12\/Tocumen1-130x130.png 130w, https:\/\/www.easytravelpanama.net\/wp-content\/uploads\/2013\/12\/Tocumen1-70x70.png 70w, https:\/\/www.easytravelpanama.net\/wp-content\/uploads\/2013\/12\/Tocumen1-45x45.png 45w\" sizes=\"(max-width: 200px) 100vw, 200px\" \/>hist\u00f3ricas\/culturales m\u00e1s importantes en la ciudad de Panam\u00e1, tales como el Canal de Panam\u00e1, las ruinas de Panam\u00e1 La Vieja, el Casco Antiguo que est\u00e1 siendo renovado en su estilo original Colonial\/Franc\u00e9s, la Calzada de Amador donde tiene una maravillosa vista panor\u00e1mica de la ciudad de Panam\u00e1.<br \/>\n<strong>Perm\u00edtanos ayudarle para que aproveche lo m\u00e1s posible el tiempo de escala que tiene en Panam\u00e1!<\/strong><br \/>\nDesde que pisa suelo Paname\u00f1o, nuestros choferes y gu\u00edas con muchos conocimientos le recibir\u00e1n y le asistir\u00e1n. Ofrecemos transporte y paseos tur\u00edsticos por todo la ciudad de Panam\u00e1 y otros destinos populares cercanos. Nuestros choferes\/gu\u00edas tienen muchos conocimientos sobre todos los aspectos de Panam\u00e1 y sus diversas culturas. Podemos personalizar sus visitas tur\u00edsticas culturales, hist\u00f3ricas y de la naturaleza, o paseos de compras seg\u00fan sus necesidades e intereses personales. Nuestros choferes\/gu\u00edas son biling\u00fces, aunque muy profesionales, son muy divertidos y con experencia trabajando con visitantes internacionales. Tenemos cientos de clientes muy satisfechos y confiamos que se sentir\u00e1 igual.<\/p>\n<h2 style=\"text-align: center;\"><span style=\"color: #98b8d8;\"><img loading=\"lazy\" decoding=\"async\" class=\"aligncenter; wp-image-70 size-thumbnail\" style=\"margin-right: 25px;\" src=\"http:\/\/www.easytravelpanama.net\/wp-content\/uploads\/2013\/12\/About-Judy-150x150.png\" alt=\"Judy Tovar, Bilingual Tour Guide\" width=\"150\" height=\"150\" srcset=\"https:\/\/www.easytravelpanama.net\/wp-content\/uploads\/2013\/12\/About-Judy-150x150.png 150w, https:\/\/www.easytravelpanama.net\/wp-content\/uploads\/2013\/12\/About-Judy-130x130.png 130w, https:\/\/www.easytravelpanama.net\/wp-content\/uploads\/2013\/12\/About-Judy-70x70.png 70w, https:\/\/www.easytravelpanama.net\/wp-content\/uploads\/2013\/12\/About-Judy-45x45.png 45w\" sizes=\"(max-width: 150px) 100vw, 150px\" \/><br \/>\nReserve tu gira hoy!<br \/>\nContactar: Judy Tovar<br \/>\nEasy Travel Panama<br \/>\n<a href=\"mailto:%20easytravelpanama01@gmail.com\">easytravelpanama01@gmail.com<\/a><br \/>\nor call (507)6617-4122 in Panama<br \/>\nor call (210) 272-9047\u00a0<\/span><span style=\"color: #98b8d8;\">in the U.S. <\/span><\/h2>\n<p><\/p>","protected":false},"excerpt":{"rendered":"<p>Hace escala de tr\u00e1nsito en el Aeropuerto Internacional de Tocumen o el Aeropuerto de Albrook en la Ciudad de\u00a0 Panam\u00e1? En vez de sentarse en el aeropuerto, permita que Easy Travel Panama le muestre algunas de las atracciones\u00a0hist\u00f3ricas\/culturales m\u00e1s importantes en la ciudad de Panam\u00e1, tales como el Canal de Panam\u00e1, las ruinas de Panam\u00e1 [&hellip;]<\/p>\n","protected":false},"author":1,"featured_media":0,"parent":0,"menu_order":0,"comment_status":"closed","ping_status":"closed","template":"","meta":{"footnotes":""},"class_list":["post-1258","page","type-page","status-publish","hentry"],"_links":{"self":[{"href":"https:\/\/www.easytravelpanama.net\/es\/wp-json\/wp\/v2\/pages\/1258"}],"collection":[{"href":"https:\/\/www.easytravelpanama.net\/es\/wp-json\/wp\/v2\/pages"}],"about":[{"href":"https:\/\/www.easytravelpanama.net\/es\/wp-json\/wp\/v2\/types\/page"}],"author":[{"embeddable":true,"href":"https:\/\/www.easytravelpanama.net\/es\/wp-json\/wp\/v2\/users\/1"}],"replies":[{"embeddable":true,"href":"https:\/\/www.easytravelpanama.net\/es\/wp-json\/wp\/v2\/comments?post=1258"}],"version-history":[{"count":2,"href":"https:\/\/www.easytravelpanama.net\/es\/wp-json\/wp\/v2\/pages\/1258\/revisions"}],"predecessor-version":[{"id":2468,"href":"https:\/\/www.easytravelpanama.net\/es\/wp-json\/wp\/v2\/pages\/1258\/revisions\/2468"}],"wp:attachment":[{"href":"https:\/\/www.easytravelpanama.net\/es\/wp-json\/wp\/v2\/media?parent=1258"}],"curies":[{"name":"wp","href":"https:\/\/api.w.org\/{rel}","templated":true}]}}