{"id":1381,"date":"2014-07-29T19:29:44","date_gmt":"2014-07-29T19:29:44","guid":{"rendered":"http:\/\/www.easytravelpanama.net\/?page_id=1381"},"modified":"2024-09-13T21:38:47","modified_gmt":"2024-09-14T02:38:47","slug":"giras-a-las-islas-de-san-blas","status":"publish","type":"page","link":"https:\/\/www.easytravelpanama.net\/es\/giras-a-las-islas-de-san-blas\/","title":{"rendered":"Giras a Las Islas de San Blas"},"content":{"rendered":"<h1 style=\"text-align: center;\"><span style=\"color: #58a808;\">Las Islas de San Blas<\/span><\/h1>\n<p><img loading=\"lazy\" decoding=\"async\" class=\"aligncenter size-full wp-image-1974\" src=\"http:\/\/www.easytravelpanama.net\/wp-content\/uploads\/2015\/10\/SanBlasTour_10w.jpg\" alt=\"San Blas\" width=\"640\" height=\"354\" srcset=\"https:\/\/www.easytravelpanama.net\/wp-content\/uploads\/2015\/10\/SanBlasTour_10w.jpg 640w, https:\/\/www.easytravelpanama.net\/wp-content\/uploads\/2015\/10\/SanBlasTour_10w-300x166.jpg 300w, https:\/\/www.easytravelpanama.net\/wp-content\/uploads\/2015\/10\/SanBlasTour_10w-620x343.jpg 620w, https:\/\/www.easytravelpanama.net\/wp-content\/uploads\/2015\/10\/SanBlasTour_10w-195x108.jpg 195w\" sizes=\"(max-width: 640px) 100vw, 640px\" \/><\/p>\n<p style=\"text-align: justify; padding: 10px 25px 10px 25px;\">Las Islas de San Blas son un grupo de preciosas islas en Panam\u00e1.<img loading=\"lazy\" decoding=\"async\" class=\"alignright size-full wp-image-1194\" src=\"http:\/\/www.easytravelpanama.net\/wp-content\/uploads\/2014\/07\/SanBlas_03-e1405946789484.png\" alt=\"Map of San Blas Islands\" width=\"150\" height=\"150\" \/>Las islas son pristinas porque los indigenas Gunas controlan el turismo; ellos protegen sus tierras. Hay aproximadamente 365 islas dentro del archipi\u00e9lago de San Blas y cubren un \u00e1rea de como 100 millas cuadradas. La mayoria de las islas est\u00e1n deshabitadas,\u00a0 pero hay algunas que tienen peque\u00f1as comunidades. Los Gunas son una comunidad de personas orgullosas quienes tienen sus propias leyes.<\/p>\n<p>Isla Perro es una de las islas m\u00e1s populares para visitar, con playas de arena blanca, aguas cristalinas y palmeras; siempre es un \u00e9xito para visitantes. Se puede hacer snorkel alrededor de un buque ca\u00f1onero naufrago justamente enfrente de la playa, ver corales y muchos peces.<\/p>\n<p>Easy Travel Panama lo llevar\u00e1 en un viaje de dos horas por tierra hasta Carti y desde all\u00ed viajar\u00e1 aproximadamente 35 minutos en bote hasta la isla. Mientras disfruta de la playa, nadando o simplemente absorbiendo un poco del sol de Panam\u00e1, haremos una pausa para un delicioso almuerzo de pescado, arroz, pl\u00e1tano (patacones) y ensalada que le servir\u00e1n all\u00ed en la isla.<\/p>\n<p>No hay lugar igual a San Blas y es un \u00abdeber de visita\u00bb mientras est\u00e1 en Panam\u00e1<\/p>\n<p>San Blas es naturaleza y cultura virgen.<\/p>\n<p>(Hay un m\u00ednimo de 3 personas para esta gira)<\/p>\n<div style=\"text-align: center;\"><img loading=\"lazy\" decoding=\"async\" class=\"alignnone wp-image-1196 size-full\" src=\"http:\/\/www.easytravelpanama.net\/wp-content\/uploads\/2014\/07\/SanBlas-02-e1405946895521.png\" alt=\"San Blas Islands\" width=\"150\" height=\"150\" \/><img loading=\"lazy\" decoding=\"async\" class=\"alignnone wp-image-1193 size-full\" style=\"margin-left: 10px; margin-right: 10px;\" src=\"http:\/\/www.easytravelpanama.net\/wp-content\/uploads\/2014\/07\/SanBlas_01-e1405946724281.png\" alt=\"San Blas Islands\" width=\"150\" height=\"150\" \/><img loading=\"lazy\" decoding=\"async\" class=\"alignnone wp-image-1195 size-full\" src=\"http:\/\/www.easytravelpanama.net\/wp-content\/uploads\/2014\/07\/SanBlas_04-e1405946851575.png\" alt=\"San Blas Islands\" width=\"150\" height=\"150\" \/><\/div>\n<h2 style=\"text-align: center;\"><span style=\"color: #98b8d8;\"><img loading=\"lazy\" decoding=\"async\" class=\"aligncenter; wp-image-70 size-thumbnail\" style=\"margin-right: 25px;\" src=\"http:\/\/www.easytravelpanama.net\/wp-content\/uploads\/2013\/12\/About-Judy-150x150.png\" alt=\"Judy Tovar, Bilingual Tour Guide\" width=\"150\" height=\"150\" srcset=\"https:\/\/www.easytravelpanama.net\/wp-content\/uploads\/2013\/12\/About-Judy-150x150.png 150w, https:\/\/www.easytravelpanama.net\/wp-content\/uploads\/2013\/12\/About-Judy-130x130.png 130w, https:\/\/www.easytravelpanama.net\/wp-content\/uploads\/2013\/12\/About-Judy-70x70.png 70w, https:\/\/www.easytravelpanama.net\/wp-content\/uploads\/2013\/12\/About-Judy-45x45.png 45w\" sizes=\"(max-width: 150px) 100vw, 150px\" \/><br \/>\nBook your tour today!<br \/>\nContacta: Judy Tovar<br \/>\nEasy Travel Panama<br \/>\n<a href=\"mailto:%20easytravelpanama01@gmail.com\">easytravelpanama01@cwpanama.net<\/a><br \/>\nor call (507)6617-4122 in Panama<br \/>\nor call (210) 272-9047 in the U.S. <\/span><\/h2>\n<p><\/p>","protected":false},"excerpt":{"rendered":"<p>Las Islas de San Blas Las Islas de San Blas son un grupo de preciosas islas en Panam\u00e1.Las islas son pristinas porque los indigenas Gunas controlan el turismo; ellos protegen sus tierras. Hay aproximadamente 365 islas dentro del archipi\u00e9lago de San Blas y cubren un \u00e1rea de como 100 millas cuadradas. La mayoria de las [&hellip;]<\/p>\n","protected":false},"author":1,"featured_media":0,"parent":0,"menu_order":0,"comment_status":"closed","ping_status":"closed","template":"","meta":{"footnotes":""},"class_list":["post-1381","page","type-page","status-publish","hentry"],"_links":{"self":[{"href":"https:\/\/www.easytravelpanama.net\/es\/wp-json\/wp\/v2\/pages\/1381"}],"collection":[{"href":"https:\/\/www.easytravelpanama.net\/es\/wp-json\/wp\/v2\/pages"}],"about":[{"href":"https:\/\/www.easytravelpanama.net\/es\/wp-json\/wp\/v2\/types\/page"}],"author":[{"embeddable":true,"href":"https:\/\/www.easytravelpanama.net\/es\/wp-json\/wp\/v2\/users\/1"}],"replies":[{"embeddable":true,"href":"https:\/\/www.easytravelpanama.net\/es\/wp-json\/wp\/v2\/comments?post=1381"}],"version-history":[{"count":2,"href":"https:\/\/www.easytravelpanama.net\/es\/wp-json\/wp\/v2\/pages\/1381\/revisions"}],"predecessor-version":[{"id":2492,"href":"https:\/\/www.easytravelpanama.net\/es\/wp-json\/wp\/v2\/pages\/1381\/revisions\/2492"}],"wp:attachment":[{"href":"https:\/\/www.easytravelpanama.net\/es\/wp-json\/wp\/v2\/media?parent=1381"}],"curies":[{"name":"wp","href":"https:\/\/api.w.org\/{rel}","templated":true}]}}