{"id":1424,"date":"2014-08-26T23:20:16","date_gmt":"2014-08-26T23:20:16","guid":{"rendered":"http:\/\/www.easytravelpanama.net\/?page_id=1424"},"modified":"2015-12-19T22:16:27","modified_gmt":"2015-12-20T03:16:27","slug":"gira-del-casco-en-su-interior","status":"publish","type":"page","link":"https:\/\/www.easytravelpanama.net\/es\/gira-del-casco-en-su-interior\/","title":{"rendered":"Gira del Casco en su Interior"},"content":{"rendered":"<h1 style=\"text-align: center;\"><span style=\"color: #58a808;\">Gira del Casco en su Interior por una persona con conocimientos de adentro<br \/>\n<\/span><\/h1>\n<p style=\"text-align: justify; padding: 10px 25px 10px 25px;\">Alguna vez ha pensado en visitar una antigua parte de la ciudad y ver lo que est\u00e1 con vida, con alegria y bohemio en este \u00abpueblo antiguo?<br \/>\nSi, pasaremos un rato en el pasado, pero solo lo suficiente para entender el pasado y seguir hacia el futuro.<br \/>\nContrario a los d\u00edas en el pasado paseando por las calles en carruajes y sin preocupaciones de una invas\u00edon de los Espa\u00f1oles, hoy en d\u00eda paseamos en el toktok (tra\u00eddo recientemente de la India) e iniciamos con un caf\u00e9 en la cafeter\u00eda de un hostal renovado, saboreando un caf\u00e9 Paname\u00f1o llamado Luna (porque es sembrado y cosechado seg\u00fan los ciclos de la luna).\u00a0 Es uno de los caf\u00e9s que ha ganado premios.<br \/>\nAqu\u00ed nos sentamos en una acogedora esquina y repasamos las fases de lo que fue el Casco entendiendo la historia de la construcci\u00f3n del lugar donde nos estamos tomando nuestro caf\u00e9.\u00a0 La historia se debe <em>vivir<\/em>, no solo observarla. (Aqu\u00ed tenemos fotograf\u00edas de lo que fue originalmente, y fotograf\u00edas de su pr\u00f3xima fase, seguido de todas las fotograf\u00edas de la renovaci\u00f3n, y ahora sentados en el producto final en el presente.)<br \/>\nNos montaremos en nuestro toktok y entenderemos m\u00e1s del pasado visitando la pared m\u00e1s antigua que proteg\u00eda la ciudad.<br \/>\nEsta pared est\u00e1 al lado del reci\u00e9n renovado Hotel American Trade.\u00a0 Entraremos a este hermoso hotel y aprenderemos sobre su gran pasado adem\u00e1s de su pasado de cr\u00edmenes y peleas callejeras.\u00a0 Ya que esta es una gira con una persona de adentro del Casco, podr\u00e1 ver algunos de los recuerdos exclusivos pegados en sus paredes y no siempre de acceso al p\u00fablico.<br \/>\nVeremos el Club Jazz bohemio y el Danilo Jazz School.<br \/>\nCaminamos hacia el Altar de Oro&#8230;&#8230;nos recoge el toktok y seguimos hacia las ruinas y las iglesias. Nos bajan en el negocio de un mill\u00f3n de d\u00f3lares (lugar donde se construyen las figuras para los carros aleg\u00f3ricos) y despu\u00e9s caminamos por la plaza y visitamos el Museo del Canal.<br \/>\nM\u00e1s adelante paramos en un pr\u00f3spero Super Gourmet,\u00a0 donde se ve la vida del \u00e1rea local y algunos de los productos org\u00e1nicos Paname\u00f1os, y all\u00ec pueden\u00a0 comer y tomar algo.<br \/>\nSeguimos a ver una tienda VIP,\u00a0 cuya due\u00f1a es la madre de un ex pandillero.\u00a0 De all\u00ec a La Santa Familia (normalmente no incluida en la gira),\u00a0 que fu\u00e8 un convento y ahora se usa para muchas actividades locales, desde hacer potes hasta aprender a sembrar plantas, baile con serpentina, gimnasio, y lugar de entrenamiento para que las mujeres se preparen para entrar a la fuerza laboral y dejar atr\u00e1s la pobreza.\u00a0 Ser\u00e1 renovado en los pr\u00f3ximos a\u00f1os y ser\u00e1 un hotel chic.<br \/>\nEntonces tomaremos el toktok hacia el \u00abPalacio Presidencial\u00bb&#8230;&#8230;&#8230;conocido como \u00abEl Palacio de Las Garzas\u00bb.\u00a0 Caminaremos hasta la Plaza Bolivar, el Teatro Nacional, por la calle hacia donde una vez fue el Club Uni\u00f3n, Platea (el sitio del jazz, salsa y rock), Villa Palma (el hotel que es una sala de exposici\u00f3n de muebles Italianos), y subimos las escaleras y caminaremos a lo largo de la pared del mar hacia el museo Espa\u00f1ol y a La Terraza para bebidas.<br \/>\nDe aqu\u00ed a Las B\u00f3vedas y el toktok los recoge y los lleva a su hotel.<br \/>\nPara la \u00e9pocas de Navidad hay una gira muy especial de una de las m\u00e1s extensas exhibiciones de las escenas de la Natividad del mundo entero &#8211; raramente abierto por ser una Gira del Casco en su Interior.\u00a0 Con debida notificaci\u00f3n les puedo organizar esta gira.\u00a0 Esta no solo es una de las m\u00e1s extensas del mundo adem\u00e1s las escenas vienen de la mayor\u00eda de los pa\u00edses del mundo.<\/p>\n<p><\/p>","protected":false},"excerpt":{"rendered":"<p>Gira del Casco en su Interior por una persona con conocimientos de adentro Alguna vez ha pensado en visitar una antigua parte de la ciudad y ver lo que est\u00e1 con vida, con alegria y bohemio en este \u00abpueblo antiguo? Si, pasaremos un rato en el pasado, pero solo lo suficiente para entender el pasado [&hellip;]<\/p>\n","protected":false},"author":1,"featured_media":0,"parent":0,"menu_order":0,"comment_status":"open","ping_status":"open","template":"","meta":{"footnotes":""},"class_list":["post-1424","page","type-page","status-publish","hentry"],"_links":{"self":[{"href":"https:\/\/www.easytravelpanama.net\/es\/wp-json\/wp\/v2\/pages\/1424"}],"collection":[{"href":"https:\/\/www.easytravelpanama.net\/es\/wp-json\/wp\/v2\/pages"}],"about":[{"href":"https:\/\/www.easytravelpanama.net\/es\/wp-json\/wp\/v2\/types\/page"}],"author":[{"embeddable":true,"href":"https:\/\/www.easytravelpanama.net\/es\/wp-json\/wp\/v2\/users\/1"}],"replies":[{"embeddable":true,"href":"https:\/\/www.easytravelpanama.net\/es\/wp-json\/wp\/v2\/comments?post=1424"}],"version-history":[{"count":0,"href":"https:\/\/www.easytravelpanama.net\/es\/wp-json\/wp\/v2\/pages\/1424\/revisions"}],"wp:attachment":[{"href":"https:\/\/www.easytravelpanama.net\/es\/wp-json\/wp\/v2\/media?parent=1424"}],"curies":[{"name":"wp","href":"https:\/\/api.w.org\/{rel}","templated":true}]}}