{"id":2028,"date":"2015-12-19T16:20:10","date_gmt":"2015-12-19T21:20:10","guid":{"rendered":"http:\/\/www.easytravelpanama.net\/es\/?page_id=2028"},"modified":"2015-12-19T22:10:03","modified_gmt":"2015-12-20T03:10:03","slug":"gira-camino-pipeline","status":"publish","type":"page","link":"https:\/\/www.easytravelpanama.net\/es\/gira-camino-pipeline\/","title":{"rendered":"Gira Camino Pipeline"},"content":{"rendered":"<h1 style=\"text-align: center;\"><span style=\"color: #58a808;\">Giras de Naturaleza, Avistamiento de Aves y Aventura<br \/>\n<\/span><\/h1>\n<h3><span style=\"color: #98b8d8;\">Gira Camino Pipeline<br \/>\n<\/span><\/h3>\n<p><img loading=\"lazy\" decoding=\"async\" class=\"alignright wp-image-158 size-full\" style=\"margin-left: 10px; margin-bottom: 20px;\" src=\"http:\/\/www.easytravelpanama.net\/wp-content\/uploads\/2013\/12\/PipeLineRoad.png\" alt=\"Camino Pipeline\" width=\"200\" height=\"200\" srcset=\"https:\/\/www.easytravelpanama.net\/wp-content\/uploads\/2013\/12\/PipeLineRoad.png 200w, https:\/\/www.easytravelpanama.net\/wp-content\/uploads\/2013\/12\/PipeLineRoad-150x150.png 150w, https:\/\/www.easytravelpanama.net\/wp-content\/uploads\/2013\/12\/PipeLineRoad-195x195.png 195w, https:\/\/www.easytravelpanama.net\/wp-content\/uploads\/2013\/12\/PipeLineRoad-130x130.png 130w, https:\/\/www.easytravelpanama.net\/wp-content\/uploads\/2013\/12\/PipeLineRoad-70x70.png 70w, https:\/\/www.easytravelpanama.net\/wp-content\/uploads\/2013\/12\/PipeLineRoad-45x45.png 45w\" sizes=\"(max-width: 200px) 100vw, 200px\" \/><\/p>\n<p style=\"text-align: justify; padding: 10px 25px 10px 25px;\">Esta gira al Camino Pipeline es realmente asombroso. El camino Pipeline fue construido por los Estados Unidos para la Segunda Guerra Mundial para transportar petr\u00f3leo del Pacifico al Atl\u00e1ntico &#8211; en medio del bosque lluvioso &#8211; dentro del Parque Nacional Summit. Este viaje toma como 45 minutos de la ciudad de Panam\u00e1. El viaje al Camino Pipeline es hermoso &#8211; y podr\u00e1 ver el Rio Chagres y el Lago Gat\u00fan porque este camino bordea el Canal de Panam\u00e1. El \u00e1rea de Gamboa es un para\u00edso de los observadores de aves. En Panam\u00e1 tenemos m\u00e1s especies de aves que en Estados Unidos y Canad\u00e1 juntos! En el camino Pipeline puede caminar cu\u00e1nto quiera. En esta caminata usualmente vemos muchas aves, monos, osos perezosos; lo que la naturaleza le quiera ofrecer ese d\u00eda. Podemos caminar como 35 minutos a un lugar donde hay un comedero para colibr\u00edes. Podr\u00e1 ver grupos de diferentes especies enfrente y alrededor suyo! En esta \u00e1rea tambi\u00e9n hay un hermoso hotel que se llama el \u00abGamboa Rainforest Hotel\u00bb. Podemos parar all\u00ed a nuestro regreso para almorzar si lo desea.<\/p>\n<p>&nbsp;<\/p>\n<p><\/p>","protected":false},"excerpt":{"rendered":"<p>Giras de Naturaleza, Avistamiento de Aves y Aventura Gira Camino Pipeline Esta gira al Camino Pipeline es realmente asombroso. El camino Pipeline fue construido por los Estados Unidos para la Segunda Guerra Mundial para transportar petr\u00f3leo del Pacifico al Atl\u00e1ntico &#8211; en medio del bosque lluvioso &#8211; dentro del Parque Nacional Summit. Este viaje toma [&hellip;]<\/p>\n","protected":false},"author":1,"featured_media":0,"parent":0,"menu_order":0,"comment_status":"closed","ping_status":"closed","template":"","meta":{"footnotes":""},"class_list":["post-2028","page","type-page","status-publish","hentry"],"_links":{"self":[{"href":"https:\/\/www.easytravelpanama.net\/es\/wp-json\/wp\/v2\/pages\/2028"}],"collection":[{"href":"https:\/\/www.easytravelpanama.net\/es\/wp-json\/wp\/v2\/pages"}],"about":[{"href":"https:\/\/www.easytravelpanama.net\/es\/wp-json\/wp\/v2\/types\/page"}],"author":[{"embeddable":true,"href":"https:\/\/www.easytravelpanama.net\/es\/wp-json\/wp\/v2\/users\/1"}],"replies":[{"embeddable":true,"href":"https:\/\/www.easytravelpanama.net\/es\/wp-json\/wp\/v2\/comments?post=2028"}],"version-history":[{"count":0,"href":"https:\/\/www.easytravelpanama.net\/es\/wp-json\/wp\/v2\/pages\/2028\/revisions"}],"wp:attachment":[{"href":"https:\/\/www.easytravelpanama.net\/es\/wp-json\/wp\/v2\/media?parent=2028"}],"curies":[{"name":"wp","href":"https:\/\/api.w.org\/{rel}","templated":true}]}}