{"id":2030,"date":"2015-12-19T16:23:03","date_gmt":"2015-12-19T21:23:03","guid":{"rendered":"http:\/\/www.easytravelpanama.net\/es\/?page_id=2030"},"modified":"2015-12-19T22:19:12","modified_gmt":"2015-12-20T03:19:12","slug":"el-valle-de-anton-2","status":"publish","type":"page","link":"https:\/\/www.easytravelpanama.net\/es\/el-valle-de-anton-2\/","title":{"rendered":"El Valle de Ant\u00f3n"},"content":{"rendered":"<h1 style=\"text-align: center;\"><span style=\"color: #58a808;\">Entornos Cercanos<br \/>\n<\/span><\/h1>\n<p><b><span style=\"color: #98b8d8;\">El Valle de Ant\u00f3n<\/span><\/b><\/p>\n<p style=\"text-align: justify; padding: 10px 25px 10px 25px;\">El Valle est\u00e1 ubicado en el cr\u00e1ter de un extinto volc\u00e1n.<img loading=\"lazy\" decoding=\"async\" class=\"alignright wp-image-174 size-full\" style=\"margin-left: 10px;\" src=\"http:\/\/www.easytravelpanama.net\/wp-content\/uploads\/2013\/12\/El-Valle.png\" alt=\"El Valle de Ant\u00f3n\" width=\"200\" height=\"200\" srcset=\"https:\/\/www.easytravelpanama.net\/wp-content\/uploads\/2013\/12\/El-Valle.png 200w, https:\/\/www.easytravelpanama.net\/wp-content\/uploads\/2013\/12\/El-Valle-150x150.png 150w, https:\/\/www.easytravelpanama.net\/wp-content\/uploads\/2013\/12\/El-Valle-195x195.png 195w, https:\/\/www.easytravelpanama.net\/wp-content\/uploads\/2013\/12\/El-Valle-130x130.png 130w, https:\/\/www.easytravelpanama.net\/wp-content\/uploads\/2013\/12\/El-Valle-70x70.png 70w, https:\/\/www.easytravelpanama.net\/wp-content\/uploads\/2013\/12\/El-Valle-45x45.png 45w\" sizes=\"(max-width: 200px) 100vw, 200px\" \/><br \/>\nEl Valle est\u00e1 a 120 kilometros de la ciudad de Panam\u00e1 y el viaje toma como una hora y media sobre la carretera Panamericana, la misma carretera que lo lleva a hermosas playas en el Pacifico.<br \/>\nEl Valle tiene un clima fresco todo el a\u00f1o. Este pueblo se ha convertido en un retiro de fin de semana para muchos Paname\u00f1os adinerados, que tienen hermosas villas y casas de campo aqu\u00ed.<br \/>\nEl Valle es tambi\u00e9n una tierra de historia y leyenda. Habitada por cientos de a\u00f1os por varias tribus Americanas nativas, esta \u00e1rea es famosa por raros petroglifos que a\u00fan no han sido descifrados.<br \/>\nEl Valle tiene una exuberante vegetaci\u00f3n, ranas doradas, \u00e1rboles cuadrados y hermosas cascadas.<br \/>\nLos fines de semana, especialmente los domingos, El Valle, tranquilo y relajado, se convierte en un pintoresco centro del campo, celebrando su tradici\u00f3n m\u00e1s popular: El Mercado. En este evento, los del \u00e1rea y residentes de pueblos vecinos (incluyendo algunos indigenas que bajan de las monta\u00f1as) se re\u00fanen para ofrecer una impresionante variedad de flores, artesanias, muebles de rat\u00e1n, frutas y vegetales.<br \/>\nAll\u00ed probablemente podr\u00e1 ver un famosa orquidia que tenemos en Panam\u00e1, \u00abLa Flor del Esp\u00edritu Santo\u00bb, una rara especie que es la Flor Nacional de Panam\u00e1.<br \/>\nEl Valle es un pueblo asombroso para que usted visite!<\/p>\n<p>&nbsp;<\/p>\n<p>&nbsp;<\/p>\n<p>&nbsp;<\/p>\n<p><\/p>","protected":false},"excerpt":{"rendered":"<p>Entornos Cercanos El Valle de Ant\u00f3n El Valle est\u00e1 ubicado en el cr\u00e1ter de un extinto volc\u00e1n. El Valle est\u00e1 a 120 kilometros de la ciudad de Panam\u00e1 y el viaje toma como una hora y media sobre la carretera Panamericana, la misma carretera que lo lleva a hermosas playas en el Pacifico. El Valle [&hellip;]<\/p>\n","protected":false},"author":1,"featured_media":0,"parent":0,"menu_order":0,"comment_status":"closed","ping_status":"closed","template":"","meta":{"footnotes":""},"class_list":["post-2030","page","type-page","status-publish","hentry"],"_links":{"self":[{"href":"https:\/\/www.easytravelpanama.net\/es\/wp-json\/wp\/v2\/pages\/2030"}],"collection":[{"href":"https:\/\/www.easytravelpanama.net\/es\/wp-json\/wp\/v2\/pages"}],"about":[{"href":"https:\/\/www.easytravelpanama.net\/es\/wp-json\/wp\/v2\/types\/page"}],"author":[{"embeddable":true,"href":"https:\/\/www.easytravelpanama.net\/es\/wp-json\/wp\/v2\/users\/1"}],"replies":[{"embeddable":true,"href":"https:\/\/www.easytravelpanama.net\/es\/wp-json\/wp\/v2\/comments?post=2030"}],"version-history":[{"count":0,"href":"https:\/\/www.easytravelpanama.net\/es\/wp-json\/wp\/v2\/pages\/2030\/revisions"}],"wp:attachment":[{"href":"https:\/\/www.easytravelpanama.net\/es\/wp-json\/wp\/v2\/media?parent=2030"}],"curies":[{"name":"wp","href":"https:\/\/api.w.org\/{rel}","templated":true}]}}