{"id":2034,"date":"2015-12-19T16:25:33","date_gmt":"2015-12-19T21:25:33","guid":{"rendered":"http:\/\/www.easytravelpanama.net\/es\/?page_id=2034"},"modified":"2015-12-19T22:05:48","modified_gmt":"2015-12-20T03:05:48","slug":"gira-canal-de-panama-jungle","status":"publish","type":"page","link":"https:\/\/www.easytravelpanama.net\/es\/gira-canal-de-panama-jungle\/","title":{"rendered":"Gira canal de Panam\u00e1 Jungle"},"content":{"rendered":"<h1 style=\"text-align: center;\"><span style=\"color: #58a808;\">Giras de Naturaleza, Avistamiento de Aves y Aventura<br \/>\n<\/span><\/h1>\n<h3><span style=\"color: #98b8d8;\">Gira canal de Panam\u00e1 Jungle &#8211; M\u00ednimo 2 personas<br \/>\n<\/span><\/h3>\n<p style=\"text-align: justify; padding: 10px 25px 10px 25px;\"><strong>Aventura en el Barco de la Selva<\/strong><br \/>\n<img loading=\"lazy\" decoding=\"async\" class=\"alignright wp-image-141 size-full\" src=\"http:\/\/www.easytravelpanama.net\/wp-content\/uploads\/2013\/12\/Gatun.png\" alt=\"Gat\u00fan\" width=\"200\" height=\"200\" srcset=\"https:\/\/www.easytravelpanama.net\/wp-content\/uploads\/2013\/12\/Gatun.png 200w, https:\/\/www.easytravelpanama.net\/wp-content\/uploads\/2013\/12\/Gatun-150x150.png 150w, https:\/\/www.easytravelpanama.net\/wp-content\/uploads\/2013\/12\/Gatun-195x195.png 195w, https:\/\/www.easytravelpanama.net\/wp-content\/uploads\/2013\/12\/Gatun-130x130.png 130w, https:\/\/www.easytravelpanama.net\/wp-content\/uploads\/2013\/12\/Gatun-70x70.png 70w, https:\/\/www.easytravelpanama.net\/wp-content\/uploads\/2013\/12\/Gatun-45x45.png 45w\" sizes=\"(max-width: 200px) 100vw, 200px\" \/>Su d\u00eda de aventura lo llevar\u00e1 a las aguas del m\u00e1s famoso lago hecho por el hombre. El Lago Gat\u00fan se encuentra en el coraz\u00f3n del Istmo de Panam\u00e1.<br \/>\nFue construido entre 1910-1914, para hacer posible la construcci\u00f3n del Canal. Desde la orilla del lago abordar\u00e1 un bote estilo panga de 25&#8242; para el viaje de descubrimiento. Navegaremos sobre rutas antiguas que atravesaban el istmo mucho antes que existiera el lago.<br \/>\nSe pueden ver enormes barcos transitando por este puente de agua que une el Mar Caribe al Oc\u00e9ano Pac\u00edfico.<br \/>\nNos deslizaremos por exuberantes bosques lluviosos hac\u00eda una regi\u00f3n esc\u00e9nica del lago y ser\u00e1 testigo de primera mano del esplendor y lo excitante de la selva. Aves ex\u00f3ticas, monos, osos perezosos, iguanas, y cocodriles son apenas un poco de los animales que podr\u00e1 contemplar en su medio ambiente. Las vistas, sonidos y olores que componen este para\u00edso tropical lo embeber\u00e1.<br \/>\nNuestro \u00faltimo destino ser\u00e1 el Gatun Explorer, el primer buque usado para exploraci\u00f3n. Este espacioso bote con 61&#8242; de largo y doble cubierta tiene suficiente espacio para que se relaje y disfrute el d\u00eda.<br \/>\nLe servir\u00e1n un delicioso almuerzo t\u00edpico Paname\u00f1o a bordo. Despu\u00e9s hay muchas otras actividades disponibles sin costo adicional. Puede explorar por s\u00ed solo mientras hace kayaking, nada o pesca. O si prefiere solo rel\u00e1jese a bordo del Gatun Explorer y se toma una bebida fr\u00eda mientras disfruta de la belleza del \u00e1rea. Aprende de esta notable regi\u00f3n con nuestros relatos informativos o aprenda por s\u00ed solo en uno de nuestros dos salones equipados con TV, videograbadora, videos y libros.<br \/>\nHay un bar y una tienda de regalos donde puede comprar regalos de recuerdo (souvenirs).<br \/>\nVenga y experimente porq\u00fae nuestros clientes consideran pasar un dia con nosotros como algo que deben hacer en su visita a Panam\u00e1.<br \/>\nPrecios de la Gira incluyen:<\/p>\n<ul>\n<li>Transporte por tierra ida y vuelta desde su hotel en la ciudad de Panam\u00e1<\/li>\n<li>Gira Bote\/Safari en el Lago Gat\u00fan<\/li>\n<li>Actividades opcionales: pescar, nadar, hacer kayaking, visitar la cascada y contemplar la vida silvestre<\/li>\n<li>Observar los monos y la naturaleza<\/li>\n<li>Almuerzo y refrescos<\/li>\n<li>Gu\u00edas<\/li>\n<li>Costos del bar y tienda regalos son adicionales<\/li>\n<li>Salida: 08:00hrs<\/li>\n<li>Regreso: 16:15hrs<\/li>\n<li>Nota: Todas las giras inician y culminanen en la ciudad de Panam\u00e1<\/li>\n<\/ul>\n<p>&nbsp;<\/p>\n<p><\/p>","protected":false},"excerpt":{"rendered":"<p>Giras de Naturaleza, Avistamiento de Aves y Aventura Gira canal de Panam\u00e1 Jungle &#8211; M\u00ednimo 2 personas Aventura en el Barco de la Selva Su d\u00eda de aventura lo llevar\u00e1 a las aguas del m\u00e1s famoso lago hecho por el hombre. El Lago Gat\u00fan se encuentra en el coraz\u00f3n del Istmo de Panam\u00e1. Fue construido [&hellip;]<\/p>\n","protected":false},"author":1,"featured_media":0,"parent":0,"menu_order":0,"comment_status":"closed","ping_status":"closed","template":"","meta":{"footnotes":""},"class_list":["post-2034","page","type-page","status-publish","hentry"],"_links":{"self":[{"href":"https:\/\/www.easytravelpanama.net\/es\/wp-json\/wp\/v2\/pages\/2034"}],"collection":[{"href":"https:\/\/www.easytravelpanama.net\/es\/wp-json\/wp\/v2\/pages"}],"about":[{"href":"https:\/\/www.easytravelpanama.net\/es\/wp-json\/wp\/v2\/types\/page"}],"author":[{"embeddable":true,"href":"https:\/\/www.easytravelpanama.net\/es\/wp-json\/wp\/v2\/users\/1"}],"replies":[{"embeddable":true,"href":"https:\/\/www.easytravelpanama.net\/es\/wp-json\/wp\/v2\/comments?post=2034"}],"version-history":[{"count":0,"href":"https:\/\/www.easytravelpanama.net\/es\/wp-json\/wp\/v2\/pages\/2034\/revisions"}],"wp:attachment":[{"href":"https:\/\/www.easytravelpanama.net\/es\/wp-json\/wp\/v2\/media?parent=2034"}],"curies":[{"name":"wp","href":"https:\/\/api.w.org\/{rel}","templated":true}]}}