{"id":2036,"date":"2015-12-19T16:29:16","date_gmt":"2015-12-19T21:29:16","guid":{"rendered":"http:\/\/www.easytravelpanama.net\/es\/?page_id=2036"},"modified":"2017-08-23T08:47:10","modified_gmt":"2017-08-23T13:47:10","slug":"giras-de-embera","status":"publish","type":"page","link":"https:\/\/www.easytravelpanama.net\/es\/giras-de-embera\/","title":{"rendered":"Giras de Ember\u00e1"},"content":{"rendered":"<h1 style=\"text-align: center;\"><span style=\"color: #58a808;\">Giras de Ember\u00e1<br \/>\n<\/span><\/h1>\n<h3><span style=\"color: #98b8d8;\">Gira de todo un d\u00eda a la Aldea Ember\u00e1 &#8212; Aventura en el Bosque Lluvioso<\/span><\/h3>\n<h3><span style=\"color: #98b8d8;\">M\u00ecnimo 2 Personas<br \/>\n<\/span><\/h3>\n<h3><img loading=\"lazy\" decoding=\"async\" class=\"alignright wp-image-140 size-full\" style=\"margin-left: 10px; margin-top: 30px;\" src=\"http:\/\/www.easytravelpanama.net\/wp-content\/uploads\/2013\/12\/Embera-Rain-ForestAdventure2x2.png\" alt=\"Aldea de los Indios Ember\u00e1\" width=\"200\" height=\"200\" srcset=\"https:\/\/www.easytravelpanama.net\/wp-content\/uploads\/2013\/12\/Embera-Rain-ForestAdventure2x2.png 200w, https:\/\/www.easytravelpanama.net\/wp-content\/uploads\/2013\/12\/Embera-Rain-ForestAdventure2x2-150x150.png 150w, https:\/\/www.easytravelpanama.net\/wp-content\/uploads\/2013\/12\/Embera-Rain-ForestAdventure2x2-195x195.png 195w, https:\/\/www.easytravelpanama.net\/wp-content\/uploads\/2013\/12\/Embera-Rain-ForestAdventure2x2-130x130.png 130w, https:\/\/www.easytravelpanama.net\/wp-content\/uploads\/2013\/12\/Embera-Rain-ForestAdventure2x2-70x70.png 70w, https:\/\/www.easytravelpanama.net\/wp-content\/uploads\/2013\/12\/Embera-Rain-ForestAdventure2x2-45x45.png 45w\" sizes=\"(max-width: 200px) 100vw, 200px\" \/><\/h3>\n<p style=\"text-align: justify; padding: 10px 25px 10px 25px;\">Una de las cosas m\u00e1gicas de Panam\u00e1 es su diversa mezcla de cultura y estilos de vida.<br \/>\nPermita que nuestros gu\u00edas profesionales lo lleven en esta gira inolvidable dentro del coraz\u00f3n del bosque lluvioso Paname\u00f1o. Este es un paseo de d\u00eda as\u00ed que saldremos temprano en la ma\u00f1ana y regresamos antes del anochecer. Lo recogeremos en su hotel y lo llevaremos al punto de inicio en el r\u00edo Chagres, y desde all\u00ed pasear\u00e1 en un cayuco tradicional (una piragua) hasta la aldea de los Indios Ember\u00e1. All\u00ed los aldeanos le dar\u00e1n la bienvenida y le dar\u00e1n una introducci\u00f3n a la cultura, religi\u00f3n, arte, idioma, comida &#8230; el estilo de vida de su pueblo.<br \/>\nLe servir\u00e1n un almuerzo tradicional de pez Tilapia y pl\u00e1tano frito (patacones). Las otras presentaciones incluyen una explicaci\u00f3n de plantas medicinales, una caminata por una trocha en la selva, un baile y demostraci\u00f3n musical y la oportunidad de ba\u00f1arse en un r\u00edo de aguas cristalinas y una cascada incre\u00edble. Para esta gira emocionante e informativa hay un m\u00ednimo de dos personas y no hay m\u00e1ximo. Este paseo es mencionado a menudo por muchas personas como <em><strong>la parte favorita del viaje<\/strong><\/em> al final de su estad\u00eda.<br \/>\nEl precio de este gira a los Indios Ember\u00e1 &#8211; $190.00 por persona, un m\u00ednimo de 2 personas.<br \/>\n<strong>El precio incluye:<\/strong><\/p>\n<ul>\n<li>Un gu\u00eda de turismo de la ciudad de Panam\u00e1 para todo el paseo<\/li>\n<li>Transporte ida y vuelta<\/li>\n<li>El costo de entrada al Parque Nacional y de los Indios Ember\u00e1 por la visita a su aldea<\/li>\n<li>Agua y frutas durante el viaje<\/li>\n<li>Transporte r\u00edo arriba en el bote cayuco (piragua)<\/li>\n<li>Bienvenida a la aldea por los indios<\/li>\n<li>Introducci\u00f3n a la Cultura, Costumbres, Religi\u00f3n, Arte, idioma<\/li>\n<li>Almuerzo tradicional (pez tilapia y pl\u00e1tano frito =patacones)<\/li>\n<li>Bailes y demostraciones musicales<\/li>\n<li>Una visita a la sala de exposici\u00f3n de sus artesan\u00edas &#8212; si le interesa puede comprar a buenos precios<\/li>\n<\/ul>\n<p><\/p>","protected":false},"excerpt":{"rendered":"<p>Giras de Ember\u00e1 Gira de todo un d\u00eda a la Aldea Ember\u00e1 &#8212; Aventura en el Bosque Lluvioso M\u00ecnimo 2 Personas Una de las cosas m\u00e1gicas de Panam\u00e1 es su diversa mezcla de cultura y estilos de vida. Permita que nuestros gu\u00edas profesionales lo lleven en esta gira inolvidable dentro del coraz\u00f3n del bosque lluvioso [&hellip;]<\/p>\n","protected":false},"author":1,"featured_media":0,"parent":0,"menu_order":0,"comment_status":"closed","ping_status":"closed","template":"","meta":{"footnotes":""},"class_list":["post-2036","page","type-page","status-publish","hentry"],"_links":{"self":[{"href":"https:\/\/www.easytravelpanama.net\/es\/wp-json\/wp\/v2\/pages\/2036"}],"collection":[{"href":"https:\/\/www.easytravelpanama.net\/es\/wp-json\/wp\/v2\/pages"}],"about":[{"href":"https:\/\/www.easytravelpanama.net\/es\/wp-json\/wp\/v2\/types\/page"}],"author":[{"embeddable":true,"href":"https:\/\/www.easytravelpanama.net\/es\/wp-json\/wp\/v2\/users\/1"}],"replies":[{"embeddable":true,"href":"https:\/\/www.easytravelpanama.net\/es\/wp-json\/wp\/v2\/comments?post=2036"}],"version-history":[{"count":0,"href":"https:\/\/www.easytravelpanama.net\/es\/wp-json\/wp\/v2\/pages\/2036\/revisions"}],"wp:attachment":[{"href":"https:\/\/www.easytravelpanama.net\/es\/wp-json\/wp\/v2\/media?parent=2036"}],"curies":[{"name":"wp","href":"https:\/\/api.w.org\/{rel}","templated":true}]}}