{"id":2040,"date":"2015-12-19T16:35:04","date_gmt":"2015-12-19T21:35:04","guid":{"rendered":"http:\/\/www.easytravelpanama.net\/es\/?page_id=2040"},"modified":"2015-12-19T22:06:36","modified_gmt":"2015-12-20T03:06:36","slug":"la-ciudad-de-panama-a-isla-contadora","status":"publish","type":"page","link":"https:\/\/www.easytravelpanama.net\/es\/la-ciudad-de-panama-a-isla-contadora\/","title":{"rendered":"La Ciudad de Panam\u00e1 a Isla Contadora"},"content":{"rendered":"<h1 style=\"text-align: center;\"><span style=\"color: #58a808;\">Giras de Naturaleza, Avistamiento de Aves y Aventura<\/span><\/h1>\n<p><img loading=\"lazy\" decoding=\"async\" class=\"alignright wp-image-913 size-full\" src=\"http:\/\/www.easytravelpanama.net\/wp-content\/uploads\/2014\/06\/Whale-Watching-Tours3.png\" alt=\"Whales\" width=\"200\" height=\"200\" srcset=\"https:\/\/www.easytravelpanama.net\/wp-content\/uploads\/2014\/06\/Whale-Watching-Tours3.png 200w, https:\/\/www.easytravelpanama.net\/wp-content\/uploads\/2014\/06\/Whale-Watching-Tours3-150x150.png 150w, https:\/\/www.easytravelpanama.net\/wp-content\/uploads\/2014\/06\/Whale-Watching-Tours3-195x195.png 195w, https:\/\/www.easytravelpanama.net\/wp-content\/uploads\/2014\/06\/Whale-Watching-Tours3-130x130.png 130w, https:\/\/www.easytravelpanama.net\/wp-content\/uploads\/2014\/06\/Whale-Watching-Tours3-70x70.png 70w, https:\/\/www.easytravelpanama.net\/wp-content\/uploads\/2014\/06\/Whale-Watching-Tours3-45x45.png 45w\" sizes=\"(max-width: 200px) 100vw, 200px\" \/><\/p>\n<p>Salimos desde la Ciudad de Panam\u00e1 a las 8:00am en un peque\u00f1o yate r\u00e1pido en busca de delfines y ballenas quiz\u00e1s en nuestro camino a la Isla Contadora. Podemos detener y hacer snorkel en un arrecife de coral en una aislada isla y playa. Almorzaremos en la Isla Contadora en un restaurante local antes de volver a la ciudad de Panam\u00e1. Buscaremos m\u00e1s delfines y ballenas en el camino de regreso a la ciudad. Llegaremos a la ciudad alrededor de las 5:00pm.<\/p>\n<p>Horas: 8:00pm -4:00 o 5:00pm<\/p>\n<p>Precio: $250.00 cada persona&#8230;..minimo 3 personas<\/p>\n<p>Incluye barcos, tripulaci\u00f3n, experto gu\u00eda naturalista, gaseosas, agua, bocadillos. No incluye almuerzo. Va a parar en la Isla Contadora para almorzar en un restaurante local.<\/p>\n<p><\/p>","protected":false},"excerpt":{"rendered":"<p>Giras de Naturaleza, Avistamiento de Aves y Aventura Salimos desde la Ciudad de Panam\u00e1 a las 8:00am en un peque\u00f1o yate r\u00e1pido en busca de delfines y ballenas quiz\u00e1s en nuestro camino a la Isla Contadora. Podemos detener y hacer snorkel en un arrecife de coral en una aislada isla y playa. Almorzaremos en la [&hellip;]<\/p>\n","protected":false},"author":1,"featured_media":0,"parent":0,"menu_order":0,"comment_status":"closed","ping_status":"closed","template":"","meta":{"footnotes":""},"class_list":["post-2040","page","type-page","status-publish","hentry"],"_links":{"self":[{"href":"https:\/\/www.easytravelpanama.net\/es\/wp-json\/wp\/v2\/pages\/2040"}],"collection":[{"href":"https:\/\/www.easytravelpanama.net\/es\/wp-json\/wp\/v2\/pages"}],"about":[{"href":"https:\/\/www.easytravelpanama.net\/es\/wp-json\/wp\/v2\/types\/page"}],"author":[{"embeddable":true,"href":"https:\/\/www.easytravelpanama.net\/es\/wp-json\/wp\/v2\/users\/1"}],"replies":[{"embeddable":true,"href":"https:\/\/www.easytravelpanama.net\/es\/wp-json\/wp\/v2\/comments?post=2040"}],"version-history":[{"count":0,"href":"https:\/\/www.easytravelpanama.net\/es\/wp-json\/wp\/v2\/pages\/2040\/revisions"}],"wp:attachment":[{"href":"https:\/\/www.easytravelpanama.net\/es\/wp-json\/wp\/v2\/media?parent=2040"}],"curies":[{"name":"wp","href":"https:\/\/api.w.org\/{rel}","templated":true}]}}