{"id":2045,"date":"2015-12-19T16:43:59","date_gmt":"2015-12-19T21:43:59","guid":{"rendered":"http:\/\/www.easytravelpanama.net\/es\/?page_id=2045"},"modified":"2015-12-19T22:07:18","modified_gmt":"2015-12-20T03:07:18","slug":"parque-natural-metroplitano","status":"publish","type":"page","link":"https:\/\/www.easytravelpanama.net\/es\/parque-natural-metroplitano\/","title":{"rendered":"Parque Natural Metroplitano"},"content":{"rendered":"<h1 style=\"text-align: center;\"><span style=\"color: #58a808;\">Giras de Naturaleza, Avistamiento de Aves y Aventura<br \/>\n<\/span><\/h1>\n<h3><span style=\"color: #98b8d8;\">Parque Natural Metropolitano<br \/>\n<\/span><\/h3>\n<p><img loading=\"lazy\" decoding=\"async\" class=\"alignright wp-image-156 size-full\" style=\"margin-left: 10px; margin-bottom: 50px;\" src=\"http:\/\/www.easytravelpanama.net\/wp-content\/uploads\/2013\/12\/Metropolitan-Park1.png\" alt=\"Parque Metropolitano\" width=\"200\" height=\"200\" srcset=\"https:\/\/www.easytravelpanama.net\/wp-content\/uploads\/2013\/12\/Metropolitan-Park1.png 200w, https:\/\/www.easytravelpanama.net\/wp-content\/uploads\/2013\/12\/Metropolitan-Park1-150x150.png 150w, https:\/\/www.easytravelpanama.net\/wp-content\/uploads\/2013\/12\/Metropolitan-Park1-195x195.png 195w, https:\/\/www.easytravelpanama.net\/wp-content\/uploads\/2013\/12\/Metropolitan-Park1-130x130.png 130w, https:\/\/www.easytravelpanama.net\/wp-content\/uploads\/2013\/12\/Metropolitan-Park1-70x70.png 70w, https:\/\/www.easytravelpanama.net\/wp-content\/uploads\/2013\/12\/Metropolitan-Park1-45x45.png 45w\" sizes=\"(max-width: 200px) 100vw, 200px\" \/><\/p>\n<p style=\"text-align: justify; padding: 10px 25px 10px 25px;\">Sab\u00eda usted que Panam\u00e1 es el \u00fanico pa\u00eds de las Am\u00e9ricas con un bosque tropical protegido dentro del \u00e1rea urbana de la ciudad? S\u00ed hay tal parque &#8211; el Parque Metropolitano &#8211; a 10 minutos en auto desde el centro de la ciudad de Panam\u00e1. El parque ofrece muchas oportunidades para observar diversos animales y plantas. Todas las trochas est\u00e1n considerades desde f\u00e1ciles a moderadoas y se pueden caminar en pocas horas, haciendo el Parque Metropolitano el destino perfecto para excursi\u00f3n de un d\u00eda.<\/p>\n<p>&nbsp;<\/p>\n<p><\/p>","protected":false},"excerpt":{"rendered":"<p>Giras de Naturaleza, Avistamiento de Aves y Aventura Parque Natural Metropolitano Sab\u00eda usted que Panam\u00e1 es el \u00fanico pa\u00eds de las Am\u00e9ricas con un bosque tropical protegido dentro del \u00e1rea urbana de la ciudad? S\u00ed hay tal parque &#8211; el Parque Metropolitano &#8211; a 10 minutos en auto desde el centro de la ciudad de [&hellip;]<\/p>\n","protected":false},"author":1,"featured_media":0,"parent":0,"menu_order":0,"comment_status":"closed","ping_status":"closed","template":"","meta":{"footnotes":""},"class_list":["post-2045","page","type-page","status-publish","hentry"],"_links":{"self":[{"href":"https:\/\/www.easytravelpanama.net\/es\/wp-json\/wp\/v2\/pages\/2045"}],"collection":[{"href":"https:\/\/www.easytravelpanama.net\/es\/wp-json\/wp\/v2\/pages"}],"about":[{"href":"https:\/\/www.easytravelpanama.net\/es\/wp-json\/wp\/v2\/types\/page"}],"author":[{"embeddable":true,"href":"https:\/\/www.easytravelpanama.net\/es\/wp-json\/wp\/v2\/users\/1"}],"replies":[{"embeddable":true,"href":"https:\/\/www.easytravelpanama.net\/es\/wp-json\/wp\/v2\/comments?post=2045"}],"version-history":[{"count":0,"href":"https:\/\/www.easytravelpanama.net\/es\/wp-json\/wp\/v2\/pages\/2045\/revisions"}],"wp:attachment":[{"href":"https:\/\/www.easytravelpanama.net\/es\/wp-json\/wp\/v2\/media?parent=2045"}],"curies":[{"name":"wp","href":"https:\/\/api.w.org\/{rel}","templated":true}]}}