{"id":2047,"date":"2015-12-19T16:46:24","date_gmt":"2015-12-19T21:46:24","guid":{"rendered":"http:\/\/www.easytravelpanama.net\/es\/?page_id=2047"},"modified":"2015-12-19T22:13:06","modified_gmt":"2015-12-20T03:13:06","slug":"viaje-en-tren-a-colon","status":"publish","type":"page","link":"https:\/\/www.easytravelpanama.net\/es\/viaje-en-tren-a-colon\/","title":{"rendered":"Viaje en tren a Col\u00f3n"},"content":{"rendered":"<h3><span style=\"color: #98b8d8;\">Viaje en tren a Col\u00f3n &#8211; M\u00ecnimo 2 Personas <\/span><\/h3>\n<p style=\"text-align: justify; padding: 10px 25px 10px 25px;\"><img loading=\"lazy\" decoding=\"async\" class=\"alignright wp-image-146 size-full\" style=\"margin-left: 10px; margin-top: 5px;\" src=\"http:\/\/www.easytravelpanama.net\/wp-content\/uploads\/2013\/12\/Gatun-Locks.png\" alt=\"Esclusas de Gat\u00fcn\" width=\"200\" height=\"200\" srcset=\"https:\/\/www.easytravelpanama.net\/wp-content\/uploads\/2013\/12\/Gatun-Locks.png 200w, https:\/\/www.easytravelpanama.net\/wp-content\/uploads\/2013\/12\/Gatun-Locks-150x150.png 150w, https:\/\/www.easytravelpanama.net\/wp-content\/uploads\/2013\/12\/Gatun-Locks-195x195.png 195w, https:\/\/www.easytravelpanama.net\/wp-content\/uploads\/2013\/12\/Gatun-Locks-130x130.png 130w, https:\/\/www.easytravelpanama.net\/wp-content\/uploads\/2013\/12\/Gatun-Locks-70x70.png 70w, https:\/\/www.easytravelpanama.net\/wp-content\/uploads\/2013\/12\/Gatun-Locks-45x45.png 45w\" sizes=\"(max-width: 200px) 100vw, 200px\" \/>Haga un viaje en tren de la ciudad de Panam\u00e1 a Col\u00f3n bordeando el Canal de Panam\u00e1, una gira tur\u00edstico por esa \u00e1rea, y de regreso a la ciudad.<br \/>\nEsta es una maravillosa gira de todo un d\u00eda. Realmente bordea el Canal de Panam\u00e1 toda la hora del viaje. Esta gira solo est\u00e1 disponible de lunes a viernes (el tren no viaja los s\u00e1bados ni domingo).<\/p>\n<ul>\n<li>Lo recogeremos en su hotel en la ciudad de Panam\u00e1 a las 6:00am y lo llevaremeos a la estaci\u00f3n del tren para que compre su boleto del tren ($25.00 por persona).<\/li>\n<li>Mi gu\u00eda lo dejar\u00e1 all\u00ed para poder viajar a Col\u00f3n para estar esper\u00e1ndolo cuando usted llegue a Col\u00f3n. El tren parte de Panam\u00e1 a las 7:15am y llega a Col\u00f3n a las 8:15am.<\/li>\n<li>Lo llevaremos a ver las NUEVAS ESCLUSAS EN CONSTRUCCI\u00d3N EN EL LADO ATL\u00c1NTICO. HAN ABIERTO UN MARAVILLOSO CENTRO DE OBSERVACI\u00d3N DONDE PUEDE VER TODO RELACIONADO CON LA NUEVA CONSTRUCCI\u00d3N.<\/li>\n<li>Lo llevaremos en un paseo a San Lorenzo que se encuentra en la desembocadura del R\u00edo Chagres. Aqui puede visitar una gran fortaleza construida por los Espa\u00f1oles para protegerse de los piratas.<\/li>\n<li>Despu\u00e9s lo llevaremos a almorzar en \u00abShelter Bay\u00bb, una marina no lejos del nuevo de esclusas.<\/li>\n<li>Viaja de regreso a la ciudad de Panam\u00e1 en el carro con mi gu\u00eda biling\u00fce.<\/li>\n<\/ul>\n<p>&nbsp;<\/p>\n<p><\/p>","protected":false},"excerpt":{"rendered":"<p>Viaje en tren a Col\u00f3n &#8211; M\u00ecnimo 2 Personas Haga un viaje en tren de la ciudad de Panam\u00e1 a Col\u00f3n bordeando el Canal de Panam\u00e1, una gira tur\u00edstico por esa \u00e1rea, y de regreso a la ciudad. Esta es una maravillosa gira de todo un d\u00eda. Realmente bordea el Canal de Panam\u00e1 toda la [&hellip;]<\/p>\n","protected":false},"author":1,"featured_media":0,"parent":0,"menu_order":0,"comment_status":"closed","ping_status":"closed","template":"","meta":{"footnotes":""},"class_list":["post-2047","page","type-page","status-publish","hentry"],"_links":{"self":[{"href":"https:\/\/www.easytravelpanama.net\/es\/wp-json\/wp\/v2\/pages\/2047"}],"collection":[{"href":"https:\/\/www.easytravelpanama.net\/es\/wp-json\/wp\/v2\/pages"}],"about":[{"href":"https:\/\/www.easytravelpanama.net\/es\/wp-json\/wp\/v2\/types\/page"}],"author":[{"embeddable":true,"href":"https:\/\/www.easytravelpanama.net\/es\/wp-json\/wp\/v2\/users\/1"}],"replies":[{"embeddable":true,"href":"https:\/\/www.easytravelpanama.net\/es\/wp-json\/wp\/v2\/comments?post=2047"}],"version-history":[{"count":0,"href":"https:\/\/www.easytravelpanama.net\/es\/wp-json\/wp\/v2\/pages\/2047\/revisions"}],"wp:attachment":[{"href":"https:\/\/www.easytravelpanama.net\/es\/wp-json\/wp\/v2\/media?parent=2047"}],"curies":[{"name":"wp","href":"https:\/\/api.w.org\/{rel}","templated":true}]}}