{"id":976,"date":"2014-07-02T17:45:09","date_gmt":"2014-07-02T17:45:09","guid":{"rendered":"http:\/\/www.easytravelpanama.net\/?page_id=976"},"modified":"2015-10-12T22:03:12","modified_gmt":"2015-10-13T03:03:12","slug":"quienes-somos","status":"publish","type":"page","link":"https:\/\/www.easytravelpanama.net\/es\/quienes-somos\/","title":{"rendered":"Quienes Somos Easy Travel Panam\u00e1"},"content":{"rendered":"<h1 style=\"text-align: center;\"><span style=\"color: #58a808;\"> Quienes Somos Easy Travel Panama<\/span><\/h1>\n<div id=\"attachment_1001\" style=\"width: 260px\" class=\"wp-caption alignleft\"><img loading=\"lazy\" decoding=\"async\" aria-describedby=\"caption-attachment-1001\" class=\"wp-image-1001 size-full\" style=\"margin-right: 10px;\" src=\"http:\/\/www.easytravelpanama.net\/wp-content\/uploads\/2014\/07\/Judy.jpg\" alt=\"Judith Tovar propietaria de Easy Travel Panama\" width=\"250\" height=\"188\" srcset=\"https:\/\/www.easytravelpanama.net\/wp-content\/uploads\/2014\/07\/Judy.jpg 250w, https:\/\/www.easytravelpanama.net\/wp-content\/uploads\/2014\/07\/Judy-195x146.jpg 195w\" sizes=\"(max-width: 250px) 100vw, 250px\" \/><p id=\"caption-attachment-1001\" class=\"wp-caption-text\">Judith Tovar propietaria de Easy Travel Panama<\/p><\/div>\n<p style=\"text-align: justify;\">Yo inicie Easy Travel Panama en 2005 porque me encanta mostrar mi bella ciudad de Panam\u00e1 y sus alrrededores. Deseo que los que visitan Panam\u00e1 tengan la mejor experiencia en mi pais&#8230;..que regresen a casa y divulguen lo maravilloso que pasaron para que sus amistades deseen venir tambi\u00e9n.<\/p>\n<p>Mi meta es hacer su estadia en Panam\u00e1 f\u00e1cil y memorable de inicio a fin. Desde el momento de llegar al Aeropuerto Internacional de Tocumen tendr\u00e1 una cara sonriente esper\u00e1ndolo y lista para asistirlo! Todos mis choferes y gu\u00eeas son completamente biling\u00faes y estamos orgullosos de sobresalir en servicio al cliente y nuestra meta es que todos se maravillen con nuestros servicios personalizados. Siempre somos puntuales en nuestras recogidas y prometo responder sus correos con cualquier pregunta que tengan, si no puedo el mismo dia,\u00a0 al d\u00eda siguiente.<a href=\"http:\/\/www.easytravelpanama.net\/wp-content\/uploads\/2015\/10\/Parrots_w.png\"><img loading=\"lazy\" decoding=\"async\" class=\"wp-image-1914 size-full alignright\" src=\"http:\/\/www.easytravelpanama.net\/wp-content\/uploads\/2015\/10\/Parrots_w.png\" alt=\"Parotts\" width=\"275\" height=\"184\" srcset=\"https:\/\/www.easytravelpanama.net\/wp-content\/uploads\/2015\/10\/Parrots_w.png 275w, https:\/\/www.easytravelpanama.net\/wp-content\/uploads\/2015\/10\/Parrots_w-195x130.png 195w\" sizes=\"(max-width: 275px) 100vw, 275px\" \/><\/a><\/p>\n<p style=\"text-align: justy;\">Deseo que todos sientan que tienen un amigo en Panam\u00e1 quien los pueda asistir en lo necesario durante su estadia. M\u00eds gu\u00edas y yo somos totalmente biling\u00faes y con mucho conocimiento de la historia y cultura de Panam\u00e1, muy profesionales pero a la vez muy divertidos.<\/p>\n<p>&nbsp;<\/p>\n<p>&nbsp;<\/p>\n<p>&nbsp;<\/p>\n<p><\/p>","protected":false},"excerpt":{"rendered":"<p>Quienes Somos Easy Travel Panama Yo inicie Easy Travel Panama en 2005 porque me encanta mostrar mi bella ciudad de Panam\u00e1 y sus alrrededores. Deseo que los que visitan Panam\u00e1 tengan la mejor experiencia en mi pais&#8230;..que regresen a casa y divulguen lo maravilloso que pasaron para que sus amistades deseen venir tambi\u00e9n. Mi meta [&hellip;]<\/p>\n","protected":false},"author":1,"featured_media":0,"parent":0,"menu_order":0,"comment_status":"closed","ping_status":"closed","template":"","meta":{"footnotes":""},"class_list":["post-976","page","type-page","status-publish","hentry"],"_links":{"self":[{"href":"https:\/\/www.easytravelpanama.net\/es\/wp-json\/wp\/v2\/pages\/976"}],"collection":[{"href":"https:\/\/www.easytravelpanama.net\/es\/wp-json\/wp\/v2\/pages"}],"about":[{"href":"https:\/\/www.easytravelpanama.net\/es\/wp-json\/wp\/v2\/types\/page"}],"author":[{"embeddable":true,"href":"https:\/\/www.easytravelpanama.net\/es\/wp-json\/wp\/v2\/users\/1"}],"replies":[{"embeddable":true,"href":"https:\/\/www.easytravelpanama.net\/es\/wp-json\/wp\/v2\/comments?post=976"}],"version-history":[{"count":0,"href":"https:\/\/www.easytravelpanama.net\/es\/wp-json\/wp\/v2\/pages\/976\/revisions"}],"wp:attachment":[{"href":"https:\/\/www.easytravelpanama.net\/es\/wp-json\/wp\/v2\/media?parent=976"}],"curies":[{"name":"wp","href":"https:\/\/api.w.org\/{rel}","templated":true}]}}